{"id":14,"date":"2023-12-31T20:05:40","date_gmt":"2023-12-31T20:05:40","guid":{"rendered":"https:\/\/chprofit.dkonto.pl\/?page_id=14"},"modified":"2024-05-22T10:40:45","modified_gmt":"2024-05-22T08:40:45","slug":"o-nas","status":"publish","type":"page","link":"https:\/\/chprofit.dkonto.pl\/index.php\/o-nas\/","title":{"rendered":"O nas"},"content":{"rendered":"\t\t<div data-elementor-type=\"wp-page\" data-elementor-id=\"14\" class=\"elementor elementor-14\" data-elementor-post-type=\"page\">\n\t\t\t\t\t\t<section class=\"elementor-section elementor-top-section elementor-element elementor-element-727ee237 elementor-section-boxed elementor-section-height-default elementor-section-height-default\" data-id=\"727ee237\" data-element_type=\"section\" data-settings=\"{&quot;background_background&quot;:&quot;classic&quot;}\">\n\t\t\t\t\t\t\t<div class=\"elementor-background-overlay\"><\/div>\n\t\t\t\t\t\t\t<div class=\"elementor-container elementor-column-gap-default\">\n\t\t\t\t\t<div class=\"elementor-column elementor-col-100 elementor-top-column elementor-element elementor-element-2c64327f\" data-id=\"2c64327f\" data-element_type=\"column\">\n\t\t\t<div class=\"elementor-widget-wrap elementor-element-populated\">\n\t\t\t\t\t\t<div class=\"elementor-element elementor-element-420a29c6 elementor-widget elementor-widget-heading\" data-id=\"420a29c6\" data-element_type=\"widget\" data-widget_type=\"heading.default\">\n\t\t\t\t<div class=\"elementor-widget-container\">\n\t\t\t<style>\/*! elementor - v3.20.0 - 26-03-2024 *\/\n.elementor-heading-title{padding:0;margin:0;line-height:1}.elementor-widget-heading .elementor-heading-title[class*=elementor-size-]>a{color:inherit;font-size:inherit;line-height:inherit}.elementor-widget-heading .elementor-heading-title.elementor-size-small{font-size:15px}.elementor-widget-heading .elementor-heading-title.elementor-size-medium{font-size:19px}.elementor-widget-heading .elementor-heading-title.elementor-size-large{font-size:29px}.elementor-widget-heading .elementor-heading-title.elementor-size-xl{font-size:39px}.elementor-widget-heading .elementor-heading-title.elementor-size-xxl{font-size:59px}<\/style><h1 class=\"elementor-heading-title elementor-size-default\">o firmie Centrum Higieny Profit<\/h1>\t\t<\/div>\n\t\t\t\t<\/div>\n\t\t\t\t<div class=\"elementor-element elementor-element-773f7b16 elementor-widget elementor-widget-text-editor\" data-id=\"773f7b16\" data-element_type=\"widget\" data-widget_type=\"text-editor.default\">\n\t\t\t\t<div class=\"elementor-widget-container\">\n\t\t\t<style>\/*! elementor - v3.20.0 - 26-03-2024 *\/\n.elementor-widget-text-editor.elementor-drop-cap-view-stacked .elementor-drop-cap{background-color:#69727d;color:#fff}.elementor-widget-text-editor.elementor-drop-cap-view-framed .elementor-drop-cap{color:#69727d;border:3px solid;background-color:transparent}.elementor-widget-text-editor:not(.elementor-drop-cap-view-default) .elementor-drop-cap{margin-top:8px}.elementor-widget-text-editor:not(.elementor-drop-cap-view-default) .elementor-drop-cap-letter{width:1em;height:1em}.elementor-widget-text-editor .elementor-drop-cap{float:left;text-align:center;line-height:1;font-size:50px}.elementor-widget-text-editor .elementor-drop-cap-letter{display:inline-block}<\/style>\t\t\t\t<p>Mi\u0142o nam Pa\u0144stwa powita\u0107 na naszej stronie internetowej.<\/p>\t\t\t\t\t\t<\/div>\n\t\t\t\t<\/div>\n\t\t\t\t\t<\/div>\n\t\t<\/div>\n\t\t\t\t\t<\/div>\n\t\t<\/section>\n\t\t\t\t<section class=\"elementor-section elementor-top-section elementor-element elementor-element-7ede7f89 elementor-section-boxed elementor-section-height-default elementor-section-height-default\" data-id=\"7ede7f89\" data-element_type=\"section\">\n\t\t\t\t\t\t<div class=\"elementor-container elementor-column-gap-default\">\n\t\t\t\t\t<div class=\"elementor-column elementor-col-100 elementor-top-column elementor-element elementor-element-19b73a10\" data-id=\"19b73a10\" data-element_type=\"column\">\n\t\t\t<div class=\"elementor-widget-wrap elementor-element-populated\">\n\t\t\t\t\t\t<div class=\"elementor-element elementor-element-3a25ffaf elementor-widget elementor-widget-text-editor\" data-id=\"3a25ffaf\" data-element_type=\"widget\" data-widget_type=\"text-editor.default\">\n\t\t\t\t<div class=\"elementor-widget-container\">\n\t\t\t\t\t\t\t<p>Od 1996 roku, nasza firma z dum\u0105 dostarcza najwy\u017cszej jako\u015bci rozwi\u0105zania w zakresie higieny i czysto\u015bci. Specjalizujemy si\u0119 w <b>sprzeda\u017cy hurtowej chemii do mycia i dezynfekcji<\/b>, a tak\u017ce urz\u0105dze\u0144 do sprz\u0105tania, takich jak <b>szorowarki do pod\u0142\u00f3g<\/b>, odkurzacze, <b>myjki ci\u015bnieniowe<\/b> oraz <b>materia\u0142y higieniczne<\/b>. Nasze produkty s\u0105 niezawodne i efektywne, co sprawia, \u017ce cieszymy si\u0119 zaufaniem wielu klient\u00f3w w bran\u017cy.<\/p><p>Oferujemy r\u00f3wnie\u017c profesjonalne <b>doradztwo w zakresie utrzymania higieny<\/b> w zak\u0142adach przetw\u00f3rstwa spo\u017cywczego. Nasi specjali\u015bci pomagaj\u0105 w doborze odpowiednich \u015brodk\u00f3w i urz\u0105dze\u0144, aby zapewni\u0107 najwy\u017cszy standard czysto\u015bci i bezpiecze\u0144stwa.<\/p><p>Dodatkowo, dla wszystkich kierowc\u00f3w przygotowali\u015bmy nowoczesn\u0105 <b>myjni\u0119 samoobs\u0142ugow\u0105 dla samochod\u00f3w osobowych<\/b>, wyposa\u017con\u0105 w sze\u015b\u0107 stanowisk. Nasza myjnia gwarantuje szybkie i dok\u0142adne mycie, co pozwala utrzyma\u0107 samochody w idealnym stanie.<\/p><p>Zapraszamy do wsp\u00f3\u0142pracy oraz do odwiedzenia naszej myjni. Z nami czysto\u015b\u0107 jest w zasi\u0119gu r\u0119ki!<\/p>\t\t\t\t\t\t<\/div>\n\t\t\t\t<\/div>\n\t\t\t\t\t<\/div>\n\t\t<\/div>\n\t\t\t\t\t<\/div>\n\t\t<\/section>\n\t\t\t\t<\/div>\n\t\t","protected":false},"excerpt":{"rendered":"<p>o firmie Centrum Higieny Profit Mi\u0142o nam Pa\u0144stwa powita\u0107 na naszej stronie internetowej. Od 1996 roku, nasza firma z dum\u0105 dostarcza najwy\u017cszej jako\u015bci rozwi\u0105zania w zakresie higieny i czysto\u015bci. Specjalizujemy si\u0119 w sprzeda\u017cy hurtowej chemii do mycia i dezynfekcji, a tak\u017ce urz\u0105dze\u0144 do sprz\u0105tania, takich jak szorowarki do pod\u0142\u00f3g, odkurzacze, myjki ci\u015bnieniowe oraz materia\u0142y higieniczne. &hellip;<\/p>\n<p class=\"read-more\"> <a class=\"\" href=\"https:\/\/chprofit.dkonto.pl\/index.php\/o-nas\/\"> <span class=\"screen-reader-text\">O nas<\/span> Read More &raquo;<\/a><\/p>\n","protected":false},"author":1,"featured_media":0,"parent":0,"menu_order":0,"comment_status":"closed","ping_status":"closed","template":"","meta":{"inline_featured_image":false,"site-sidebar-layout":"no-sidebar","site-content-layout":"","ast-site-content-layout":"full-width-container","site-content-style":"default","site-sidebar-style":"default","ast-global-header-display":"","ast-banner-title-visibility":"","ast-main-header-display":"","ast-hfb-above-header-display":"","ast-hfb-below-header-display":"","ast-hfb-mobile-header-display":"","site-post-title":"disabled","ast-breadcrumbs-content":"","ast-featured-img":"disabled","footer-sml-layout":"","theme-transparent-header-meta":"","adv-header-id-meta":"","stick-header-meta":"","header-above-stick-meta":"","header-main-stick-meta":"","header-below-stick-meta":"","astra-migrate-meta-layouts":"default","ast-page-background-enabled":"default","ast-page-background-meta":{"desktop":{"background-color":"var(--ast-global-color-4)","background-image":"","background-repeat":"repeat","background-position":"center center","background-size":"auto","background-attachment":"scroll","background-type":"","background-media":"","overlay-type":"","overlay-color":"","overlay-gradient":""},"tablet":{"background-color":"","background-image":"","background-repeat":"repeat","background-position":"center center","background-size":"auto","background-attachment":"scroll","background-type":"","background-media":"","overlay-type":"","overlay-color":"","overlay-gradient":""},"mobile":{"background-color":"","background-image":"","background-repeat":"repeat","background-position":"center center","background-size":"auto","background-attachment":"scroll","background-type":"","background-media":"","overlay-type":"","overlay-color":"","overlay-gradient":""}},"ast-content-background-meta":{"desktop":{"background-color":"var(--ast-global-color-5)","background-image":"","background-repeat":"repeat","background-position":"center center","background-size":"auto","background-attachment":"scroll","background-type":"","background-media":"","overlay-type":"","overlay-color":"","overlay-gradient":""},"tablet":{"background-color":"var(--ast-global-color-5)","background-image":"","background-repeat":"repeat","background-position":"center center","background-size":"auto","background-attachment":"scroll","background-type":"","background-media":"","overlay-type":"","overlay-color":"","overlay-gradient":""},"mobile":{"background-color":"var(--ast-global-color-5)","background-image":"","background-repeat":"repeat","background-position":"center center","background-size":"auto","background-attachment":"scroll","background-type":"","background-media":"","overlay-type":"","overlay-color":"","overlay-gradient":""}},"footnotes":""},"class_list":["post-14","page","type-page","status-publish","hentry"],"_links":{"self":[{"href":"https:\/\/chprofit.dkonto.pl\/index.php\/wp-json\/wp\/v2\/pages\/14","targetHints":{"allow":["GET"]}}],"collection":[{"href":"https:\/\/chprofit.dkonto.pl\/index.php\/wp-json\/wp\/v2\/pages"}],"about":[{"href":"https:\/\/chprofit.dkonto.pl\/index.php\/wp-json\/wp\/v2\/types\/page"}],"author":[{"embeddable":true,"href":"https:\/\/chprofit.dkonto.pl\/index.php\/wp-json\/wp\/v2\/users\/1"}],"replies":[{"embeddable":true,"href":"https:\/\/chprofit.dkonto.pl\/index.php\/wp-json\/wp\/v2\/comments?post=14"}],"version-history":[{"count":47,"href":"https:\/\/chprofit.dkonto.pl\/index.php\/wp-json\/wp\/v2\/pages\/14\/revisions"}],"predecessor-version":[{"id":980,"href":"https:\/\/chprofit.dkonto.pl\/index.php\/wp-json\/wp\/v2\/pages\/14\/revisions\/980"}],"wp:attachment":[{"href":"https:\/\/chprofit.dkonto.pl\/index.php\/wp-json\/wp\/v2\/media?parent=14"}],"curies":[{"name":"wp","href":"https:\/\/api.w.org\/{rel}","templated":true}]}}