{"id":291,"date":"2024-03-26T11:55:19","date_gmt":"2024-03-26T10:55:19","guid":{"rendered":"https:\/\/chprofit.dkonto.pl\/?page_id=291"},"modified":"2024-05-23T09:39:25","modified_gmt":"2024-05-23T07:39:25","slug":"maszyny-czyszczace","status":"publish","type":"page","link":"https:\/\/chprofit.dkonto.pl\/index.php\/maszyny-czyszczace\/","title":{"rendered":"Maszyny czyszcz\u0105ce"},"content":{"rendered":"\t\t<div data-elementor-type=\"wp-page\" data-elementor-id=\"291\" class=\"elementor elementor-291\" data-elementor-post-type=\"page\">\n\t\t\t\t\t\t<section class=\"elementor-section elementor-top-section elementor-element elementor-element-03a79fb elementor-section-boxed elementor-section-height-default elementor-section-height-default\" data-id=\"03a79fb\" data-element_type=\"section\" data-settings=\"{&quot;background_background&quot;:&quot;classic&quot;}\">\n\t\t\t\t\t\t\t<div class=\"elementor-background-overlay\"><\/div>\n\t\t\t\t\t\t\t<div class=\"elementor-container elementor-column-gap-default\">\n\t\t\t\t\t<div class=\"elementor-column elementor-col-50 elementor-top-column elementor-element elementor-element-f1e85af\" data-id=\"f1e85af\" data-element_type=\"column\">\n\t\t\t<div class=\"elementor-widget-wrap elementor-element-populated\">\n\t\t\t\t\t\t<div class=\"elementor-element elementor-element-070d39e elementor-widget elementor-widget-heading\" data-id=\"070d39e\" data-element_type=\"widget\" data-widget_type=\"heading.default\">\n\t\t\t\t<div class=\"elementor-widget-container\">\n\t\t\t<style>\/*! elementor - v3.20.0 - 26-03-2024 *\/\n.elementor-heading-title{padding:0;margin:0;line-height:1}.elementor-widget-heading .elementor-heading-title[class*=elementor-size-]>a{color:inherit;font-size:inherit;line-height:inherit}.elementor-widget-heading .elementor-heading-title.elementor-size-small{font-size:15px}.elementor-widget-heading .elementor-heading-title.elementor-size-medium{font-size:19px}.elementor-widget-heading .elementor-heading-title.elementor-size-large{font-size:29px}.elementor-widget-heading .elementor-heading-title.elementor-size-xl{font-size:39px}.elementor-widget-heading .elementor-heading-title.elementor-size-xxl{font-size:59px}<\/style><h1 class=\"elementor-heading-title elementor-size-default\">maszyny czyszcz\u0105ce<\/h1>\t\t<\/div>\n\t\t\t\t<\/div>\n\t\t\t\t<div class=\"elementor-element elementor-element-8d44caf elementor-widget elementor-widget-text-editor\" data-id=\"8d44caf\" data-element_type=\"widget\" data-widget_type=\"text-editor.default\">\n\t\t\t\t<div class=\"elementor-widget-container\">\n\t\t\t<style>\/*! elementor - v3.20.0 - 26-03-2024 *\/\n.elementor-widget-text-editor.elementor-drop-cap-view-stacked .elementor-drop-cap{background-color:#69727d;color:#fff}.elementor-widget-text-editor.elementor-drop-cap-view-framed .elementor-drop-cap{color:#69727d;border:3px solid;background-color:transparent}.elementor-widget-text-editor:not(.elementor-drop-cap-view-default) .elementor-drop-cap{margin-top:8px}.elementor-widget-text-editor:not(.elementor-drop-cap-view-default) .elementor-drop-cap-letter{width:1em;height:1em}.elementor-widget-text-editor .elementor-drop-cap{float:left;text-align:center;line-height:1;font-size:50px}.elementor-widget-text-editor .elementor-drop-cap-letter{display:inline-block}<\/style>\t\t\t\t<p>Sprawdzone narz\u0119dzia do utrzymania czysto\u015bci w biurach, sklepach oraz halach produkcyjnych.<\/p>\t\t\t\t\t\t<\/div>\n\t\t\t\t<\/div>\n\t\t\t\t\t<\/div>\n\t\t<\/div>\n\t\t\t\t<div class=\"elementor-column elementor-col-50 elementor-top-column elementor-element elementor-element-f28c7ef\" data-id=\"f28c7ef\" data-element_type=\"column\">\n\t\t\t<div class=\"elementor-widget-wrap\">\n\t\t\t\t\t\t\t<\/div>\n\t\t<\/div>\n\t\t\t\t\t<\/div>\n\t\t<\/section>\n\t\t<div class=\"elementor-element elementor-element-1460cfb e-flex e-con-boxed e-con e-parent\" data-id=\"1460cfb\" data-element_type=\"container\" data-core-v316-plus=\"true\">\n\t\t\t\t\t<div class=\"e-con-inner\">\n\t\t\t\t<div class=\"elementor-element elementor-element-5516796 elementor-widget elementor-widget-heading\" data-id=\"5516796\" data-element_type=\"widget\" data-widget_type=\"heading.default\">\n\t\t\t\t<div class=\"elementor-widget-container\">\n\t\t\t<h2 class=\"elementor-heading-title elementor-size-default\">Dost\u0119pne produkty z kategorii <br\/>maszyny czyszcz\u0105ce<\/h2>\t\t<\/div>\n\t\t\t\t<\/div>\n\t\t\t\t\t<\/div>\n\t\t\t\t<\/div>\n\t\t<div class=\"elementor-element elementor-element-0a8bfa5 e-con-full e-flex e-con e-parent\" data-id=\"0a8bfa5\" data-element_type=\"container\" data-core-v316-plus=\"true\">\n\t\t<div class=\"elementor-element elementor-element-32a0e49 e-con-full e-flex e-con e-child\" data-id=\"32a0e49\" data-element_type=\"container\">\n\t\t\t\t<div class=\"elementor-element elementor-element-c68c99f elementor-flip-box--effect-flip elementor-flip-box--direction-up elementor-widget elementor-widget-flip-box\" data-id=\"c68c99f\" data-element_type=\"widget\" data-widget_type=\"flip-box.default\">\n\t\t\t\t<div class=\"elementor-widget-container\">\n\t\t\t<link rel=\"stylesheet\" href=\"https:\/\/chprofit.dkonto.pl\/wp-content\/plugins\/elementor-pro\/assets\/css\/widget-flip-box.min.css\">\t\t<div class=\"elementor-flip-box\" tabindex=\"0\">\n\t\t\t<div class=\"elementor-flip-box__layer elementor-flip-box__front\">\n\t\t\t\t<div class=\"elementor-flip-box__layer__overlay\">\n\t\t\t\t\t<div class=\"elementor-flip-box__layer__inner\">\n\t\t\t\t\t\t\t\t\t\t\t\t\t<div class=\"elementor-flip-box__image\">\n\t\t\t\t\t\t\t\t<img fetchpriority=\"high\" decoding=\"async\" width=\"300\" height=\"300\" src=\"https:\/\/chprofit.dkonto.pl\/wp-content\/uploads\/2024\/05\/szorowarka-300x300.png\" class=\"attachment-medium size-medium wp-image-1007\" alt=\"szorowarka\" srcset=\"https:\/\/chprofit.dkonto.pl\/wp-content\/uploads\/2024\/05\/szorowarka-300x300.png 300w, https:\/\/chprofit.dkonto.pl\/wp-content\/uploads\/2024\/05\/szorowarka-150x150.png 150w, https:\/\/chprofit.dkonto.pl\/wp-content\/uploads\/2024\/05\/szorowarka-768x768.png 768w, https:\/\/chprofit.dkonto.pl\/wp-content\/uploads\/2024\/05\/szorowarka.png 800w\" sizes=\"(max-width: 300px) 100vw, 300px\" \/>\t\t\t\t\t\t\t<\/div>\n\t\t\t\t\t\t\n\t\t\t\t\t\t\t\t\t\t\t\t\t<h3 class=\"elementor-flip-box__layer__title\">\n\t\t\t\t\t\t\t\tSzorowarki do posadzek\u200b\t\t\t\t\t\t\t<\/h3>\n\t\t\t\t\t\t\n\t\t\t\t\t\t\t\t\t\t\t<\/div>\n\t\t\t\t<\/div>\n\t\t\t<\/div>\n\t\t\t<div class=\"elementor-flip-box__layer elementor-flip-box__back\">\n\t\t\t<div class=\"elementor-flip-box__layer__overlay\">\n\t\t\t\t<div class=\"elementor-flip-box__layer__inner\">\n\t\t\t\t\t\n\t\t\t\t\t\t\t\t\t\t\t<div class=\"elementor-flip-box__layer__description\">\n\t\t\t\t\t\t\tOferujemy szeroki wyb\u00f3r szorowarek do posadzek od renomowanych producent\u00f3w takich jak Ironbee, Nilfisk i Viper. Nasze maszyny zapewniaj\u0105 skuteczne i wydajne czyszczenie r\u00f3\u017cnorodnych powierzchni, idealne dla przemys\u0142u i du\u017cych obiekt\u00f3w. Wysoka jako\u015b\u0107, niezawodno\u015b\u0107 i profesjonalne wsparcie techniczne gwarantowane!\t\t\t\t\t\t<\/div>\n\t\t\t\t\t\n\t\t\t\t\t\t\t\t<\/div>\n\t\t<\/div>\n\t\t<\/div>\n\t\t<\/div>\n\t\t\t\t<\/div>\n\t\t\t\t<\/div>\n\t\t\t\t<\/div>\n\t\t<div class=\"elementor-element elementor-element-f97fd61 e-con-full e-flex e-con e-child\" data-id=\"f97fd61\" data-element_type=\"container\">\n\t\t\t\t<div class=\"elementor-element elementor-element-755ca89 elementor-flip-box--effect-flip elementor-flip-box--direction-up elementor-widget elementor-widget-flip-box\" data-id=\"755ca89\" data-element_type=\"widget\" data-widget_type=\"flip-box.default\">\n\t\t\t\t<div class=\"elementor-widget-container\">\n\t\t\t\t\t<div class=\"elementor-flip-box\" tabindex=\"0\">\n\t\t\t<div class=\"elementor-flip-box__layer elementor-flip-box__front\">\n\t\t\t\t<div class=\"elementor-flip-box__layer__overlay\">\n\t\t\t\t\t<div class=\"elementor-flip-box__layer__inner\">\n\t\t\t\t\t\t\t\t\t\t\t\t\t<div class=\"elementor-flip-box__image\">\n\t\t\t\t\t\t\t\t<img decoding=\"async\" width=\"300\" height=\"300\" src=\"https:\/\/chprofit.dkonto.pl\/wp-content\/uploads\/2024\/05\/odkurzacz-300x300.png\" class=\"attachment-medium size-medium wp-image-1010\" alt=\"odkurzacz\" srcset=\"https:\/\/chprofit.dkonto.pl\/wp-content\/uploads\/2024\/05\/odkurzacz-300x300.png 300w, https:\/\/chprofit.dkonto.pl\/wp-content\/uploads\/2024\/05\/odkurzacz-150x150.png 150w, https:\/\/chprofit.dkonto.pl\/wp-content\/uploads\/2024\/05\/odkurzacz-768x768.png 768w, https:\/\/chprofit.dkonto.pl\/wp-content\/uploads\/2024\/05\/odkurzacz.png 800w\" sizes=\"(max-width: 300px) 100vw, 300px\" \/>\t\t\t\t\t\t\t<\/div>\n\t\t\t\t\t\t\n\t\t\t\t\t\t\t\t\t\t\t\t\t<h3 class=\"elementor-flip-box__layer__title\">\n\t\t\t\t\t\t\t\tOdkurzacze\t\t\t\t\t\t\t<\/h3>\n\t\t\t\t\t\t\n\t\t\t\t\t\t\t\t\t\t\t<\/div>\n\t\t\t\t<\/div>\n\t\t\t<\/div>\n\t\t\t<div class=\"elementor-flip-box__layer elementor-flip-box__back\">\n\t\t\t<div class=\"elementor-flip-box__layer__overlay\">\n\t\t\t\t<div class=\"elementor-flip-box__layer__inner\">\n\t\t\t\t\t\n\t\t\t\t\t\t\t\t\t\t\t<div class=\"elementor-flip-box__layer__description\">\n\t\t\t\t\t\t\tOferujemy szeroki wyb\u00f3r odkurzaczy od renomowanych producent\u00f3w takich jak Nilfisk i Viper. Nasze urz\u0105dzenia zapewniaj\u0105 skuteczne i wydajne czyszczenie, idealne dla r\u00f3\u017cnych zastosowa\u0144 przemys\u0142owych i komercyjnych. Gwarantujemy wysok\u0105 jako\u015b\u0107 i niezawodno\u015b\u0107!\t\t\t\t\t\t<\/div>\n\t\t\t\t\t\n\t\t\t\t\t\t\t\t<\/div>\n\t\t<\/div>\n\t\t<\/div>\n\t\t<\/div>\n\t\t\t\t<\/div>\n\t\t\t\t<\/div>\n\t\t\t\t<\/div>\n\t\t<div class=\"elementor-element elementor-element-d549a4b e-con-full e-flex e-con e-child\" data-id=\"d549a4b\" data-element_type=\"container\">\n\t\t\t\t<div class=\"elementor-element elementor-element-ab858a1 elementor-flip-box--effect-flip elementor-flip-box--direction-up elementor-widget elementor-widget-flip-box\" data-id=\"ab858a1\" data-element_type=\"widget\" data-widget_type=\"flip-box.default\">\n\t\t\t\t<div class=\"elementor-widget-container\">\n\t\t\t\t\t<div class=\"elementor-flip-box\" tabindex=\"0\">\n\t\t\t<div class=\"elementor-flip-box__layer elementor-flip-box__front\">\n\t\t\t\t<div class=\"elementor-flip-box__layer__overlay\">\n\t\t\t\t\t<div class=\"elementor-flip-box__layer__inner\">\n\t\t\t\t\t\t\t\t\t\t\t\t\t<div class=\"elementor-flip-box__image\">\n\t\t\t\t\t\t\t\t<img decoding=\"async\" width=\"300\" height=\"300\" src=\"https:\/\/chprofit.dkonto.pl\/wp-content\/uploads\/2024\/05\/myjka-cisnieniowa-300x300.png\" class=\"attachment-medium size-medium wp-image-1009\" alt=\"myjka ci\u015bnieniowa\" srcset=\"https:\/\/chprofit.dkonto.pl\/wp-content\/uploads\/2024\/05\/myjka-cisnieniowa-300x300.png 300w, https:\/\/chprofit.dkonto.pl\/wp-content\/uploads\/2024\/05\/myjka-cisnieniowa-150x150.png 150w, https:\/\/chprofit.dkonto.pl\/wp-content\/uploads\/2024\/05\/myjka-cisnieniowa-768x768.png 768w, https:\/\/chprofit.dkonto.pl\/wp-content\/uploads\/2024\/05\/myjka-cisnieniowa.png 800w\" sizes=\"(max-width: 300px) 100vw, 300px\" \/>\t\t\t\t\t\t\t<\/div>\n\t\t\t\t\t\t\n\t\t\t\t\t\t\t\t\t\t\t\t\t<h3 class=\"elementor-flip-box__layer__title\">\n\t\t\t\t\t\t\t\tMyjki ci\u015bnieniowe\u200b\t\t\t\t\t\t\t<\/h3>\n\t\t\t\t\t\t\n\t\t\t\t\t\t\t\t\t\t\t<\/div>\n\t\t\t\t<\/div>\n\t\t\t<\/div>\n\t\t\t<div class=\"elementor-flip-box__layer elementor-flip-box__back\">\n\t\t\t<div class=\"elementor-flip-box__layer__overlay\">\n\t\t\t\t<div class=\"elementor-flip-box__layer__inner\">\n\t\t\t\t\t\n\t\t\t\t\t\t\t\t\t\t\t<div class=\"elementor-flip-box__layer__description\">\n\t\t\t\t\t\t\tW naszej ofercie znajdziesz myjki ci\u015bnieniowe od renomowanego producenta Kraenzle. Te zaawansowane urz\u0105dzenia doskonale sprawdzaj\u0105 si\u0119 w intensywnych zastosowaniach przemys\u0142owych i komercyjnych, zapewniaj\u0105c wyj\u0105tkow\u0105 skuteczno\u015b\u0107 i trwa\u0142o\u015b\u0107. Postaw na sprawdzone rozwi\u0105zania i ciesz si\u0119 niezawodnym sprz\u0119tem najwy\u017cszej jako\u015bci!\t\t\t\t\t\t<\/div>\n\t\t\t\t\t\n\t\t\t\t\t\t\t\t<\/div>\n\t\t<\/div>\n\t\t<\/div>\n\t\t<\/div>\n\t\t\t\t<\/div>\n\t\t\t\t<\/div>\n\t\t\t\t<\/div>\n\t\t<div class=\"elementor-element elementor-element-17c850d e-con-full e-flex e-con e-child\" data-id=\"17c850d\" data-element_type=\"container\">\n\t\t\t\t<div class=\"elementor-element elementor-element-9b69e04 elementor-flip-box--effect-flip elementor-flip-box--direction-up elementor-widget elementor-widget-flip-box\" data-id=\"9b69e04\" data-element_type=\"widget\" data-widget_type=\"flip-box.default\">\n\t\t\t\t<div class=\"elementor-widget-container\">\n\t\t\t\t\t<div class=\"elementor-flip-box\" tabindex=\"0\">\n\t\t\t<div class=\"elementor-flip-box__layer elementor-flip-box__front\">\n\t\t\t\t<div class=\"elementor-flip-box__layer__overlay\">\n\t\t\t\t\t<div class=\"elementor-flip-box__layer__inner\">\n\t\t\t\t\t\t\t\t\t\t\t\t\t<div class=\"elementor-flip-box__image\">\n\t\t\t\t\t\t\t\t<img loading=\"lazy\" decoding=\"async\" width=\"300\" height=\"300\" src=\"https:\/\/chprofit.dkonto.pl\/wp-content\/uploads\/2024\/05\/pianownica-300x300.png\" class=\"attachment-medium size-medium wp-image-1011\" alt=\"pianownica\" srcset=\"https:\/\/chprofit.dkonto.pl\/wp-content\/uploads\/2024\/05\/pianownica-300x300.png 300w, https:\/\/chprofit.dkonto.pl\/wp-content\/uploads\/2024\/05\/pianownica-150x150.png 150w, https:\/\/chprofit.dkonto.pl\/wp-content\/uploads\/2024\/05\/pianownica-768x768.png 768w, https:\/\/chprofit.dkonto.pl\/wp-content\/uploads\/2024\/05\/pianownica.png 800w\" sizes=\"(max-width: 300px) 100vw, 300px\" \/>\t\t\t\t\t\t\t<\/div>\n\t\t\t\t\t\t\n\t\t\t\t\t\t\t\t\t\t\t\t\t<h3 class=\"elementor-flip-box__layer__title\">\n\t\t\t\t\t\t\t\tWytwornice piany\u200b\t\t\t\t\t\t\t<\/h3>\n\t\t\t\t\t\t\n\t\t\t\t\t\t\t\t\t\t\t<\/div>\n\t\t\t\t<\/div>\n\t\t\t<\/div>\n\t\t\t<div class=\"elementor-flip-box__layer elementor-flip-box__back\">\n\t\t\t<div class=\"elementor-flip-box__layer__overlay\">\n\t\t\t\t<div class=\"elementor-flip-box__layer__inner\">\n\t\t\t\t\t\n\t\t\t\t\t\t\t\t\t\t\t<div class=\"elementor-flip-box__layer__description\">\n\t\t\t\t\t\t\tOferujemy wysokiej jako\u015bci wytwornice piany od znanych producent\u00f3w Kwazar i Kraenzle. Nasze urz\u0105dzenia s\u0105 idealne do profesjonalnego u\u017cytku, zapewniaj\u0105c efektywne i r\u00f3wnomierne rozprowadzanie piany. Dzi\u0119ki solidnej konstrukcji i niezawodnej pracy, nasze wytwornice piany sprostaj\u0105 wymaganiom nawet najbardziej wymagaj\u0105cych u\u017cytkownik\u00f3w.\t\t\t\t\t\t<\/div>\n\t\t\t\t\t\n\t\t\t\t\t\t\t\t<\/div>\n\t\t<\/div>\n\t\t<\/div>\n\t\t<\/div>\n\t\t\t\t<\/div>\n\t\t\t\t<\/div>\n\t\t\t\t<\/div>\n\t\t\t\t<\/div>\n\t\t\t\t<\/div>\n\t\t","protected":false},"excerpt":{"rendered":"<p>maszyny czyszcz\u0105ce Sprawdzone narz\u0119dzia do utrzymania czysto\u015bci w biurach, sklepach oraz halach produkcyjnych. Dost\u0119pne produkty z kategorii maszyny czyszcz\u0105ce Szorowarki do posadzek\u200b Oferujemy szeroki wyb\u00f3r szorowarek do posadzek od renomowanych producent\u00f3w takich jak Ironbee, Nilfisk i Viper. Nasze maszyny zapewniaj\u0105 skuteczne i wydajne czyszczenie r\u00f3\u017cnorodnych powierzchni, idealne dla przemys\u0142u i du\u017cych obiekt\u00f3w. Wysoka jako\u015b\u0107, niezawodno\u015b\u0107 &hellip;<\/p>\n<p class=\"read-more\"> <a class=\"\" href=\"https:\/\/chprofit.dkonto.pl\/index.php\/maszyny-czyszczace\/\"> <span class=\"screen-reader-text\">Maszyny czyszcz\u0105ce<\/span> Read More &raquo;<\/a><\/p>\n","protected":false},"author":1,"featured_media":0,"parent":0,"menu_order":0,"comment_status":"closed","ping_status":"closed","template":"","meta":{"inline_featured_image":false,"site-sidebar-layout":"no-sidebar","site-content-layout":"","ast-site-content-layout":"full-width-container","site-content-style":"default","site-sidebar-style":"default","ast-global-header-display":"","ast-banner-title-visibility":"","ast-main-header-display":"","ast-hfb-above-header-display":"","ast-hfb-below-header-display":"","ast-hfb-mobile-header-display":"","site-post-title":"disabled","ast-breadcrumbs-content":"","ast-featured-img":"disabled","footer-sml-layout":"","theme-transparent-header-meta":"","adv-header-id-meta":"","stick-header-meta":"","header-above-stick-meta":"","header-main-stick-meta":"","header-below-stick-meta":"","astra-migrate-meta-layouts":"default","ast-page-background-enabled":"default","ast-page-background-meta":{"desktop":{"background-color":"var(--ast-global-color-4)","background-image":"","background-repeat":"repeat","background-position":"center center","background-size":"auto","background-attachment":"scroll","background-type":"","background-media":"","overlay-type":"","overlay-color":"","overlay-gradient":""},"tablet":{"background-color":"","background-image":"","background-repeat":"repeat","background-position":"center center","background-size":"auto","background-attachment":"scroll","background-type":"","background-media":"","overlay-type":"","overlay-color":"","overlay-gradient":""},"mobile":{"background-color":"","background-image":"","background-repeat":"repeat","background-position":"center center","background-size":"auto","background-attachment":"scroll","background-type":"","background-media":"","overlay-type":"","overlay-color":"","overlay-gradient":""}},"ast-content-background-meta":{"desktop":{"background-color":"var(--ast-global-color-5)","background-image":"","background-repeat":"repeat","background-position":"center center","background-size":"auto","background-attachment":"scroll","background-type":"","background-media":"","overlay-type":"","overlay-color":"","overlay-gradient":""},"tablet":{"background-color":"var(--ast-global-color-5)","background-image":"","background-repeat":"repeat","background-position":"center center","background-size":"auto","background-attachment":"scroll","background-type":"","background-media":"","overlay-type":"","overlay-color":"","overlay-gradient":""},"mobile":{"background-color":"var(--ast-global-color-5)","background-image":"","background-repeat":"repeat","background-position":"center center","background-size":"auto","background-attachment":"scroll","background-type":"","background-media":"","overlay-type":"","overlay-color":"","overlay-gradient":""}},"footnotes":""},"class_list":["post-291","page","type-page","status-publish","hentry"],"_links":{"self":[{"href":"https:\/\/chprofit.dkonto.pl\/index.php\/wp-json\/wp\/v2\/pages\/291","targetHints":{"allow":["GET"]}}],"collection":[{"href":"https:\/\/chprofit.dkonto.pl\/index.php\/wp-json\/wp\/v2\/pages"}],"about":[{"href":"https:\/\/chprofit.dkonto.pl\/index.php\/wp-json\/wp\/v2\/types\/page"}],"author":[{"embeddable":true,"href":"https:\/\/chprofit.dkonto.pl\/index.php\/wp-json\/wp\/v2\/users\/1"}],"replies":[{"embeddable":true,"href":"https:\/\/chprofit.dkonto.pl\/index.php\/wp-json\/wp\/v2\/comments?post=291"}],"version-history":[{"count":52,"href":"https:\/\/chprofit.dkonto.pl\/index.php\/wp-json\/wp\/v2\/pages\/291\/revisions"}],"predecessor-version":[{"id":1017,"href":"https:\/\/chprofit.dkonto.pl\/index.php\/wp-json\/wp\/v2\/pages\/291\/revisions\/1017"}],"wp:attachment":[{"href":"https:\/\/chprofit.dkonto.pl\/index.php\/wp-json\/wp\/v2\/media?parent=291"}],"curies":[{"name":"wp","href":"https:\/\/api.w.org\/{rel}","templated":true}]}}