{"id":426,"date":"2024-03-29T09:29:55","date_gmt":"2024-03-29T08:29:55","guid":{"rendered":"https:\/\/chprofit.dkonto.pl\/?page_id=426"},"modified":"2024-05-23T09:42:13","modified_gmt":"2024-05-23T07:42:13","slug":"chemia-do-mycia-i-dezynfekcji","status":"publish","type":"page","link":"https:\/\/chprofit.dkonto.pl\/index.php\/chemia-do-mycia-i-dezynfekcji\/","title":{"rendered":"Chemia do mycia i dezynfekcji"},"content":{"rendered":"\t\t<div data-elementor-type=\"wp-page\" data-elementor-id=\"426\" class=\"elementor elementor-426\" data-elementor-post-type=\"page\">\n\t\t\t\t\t\t<section class=\"elementor-section elementor-top-section elementor-element elementor-element-7c6274f elementor-section-boxed elementor-section-height-default elementor-section-height-default\" data-id=\"7c6274f\" data-element_type=\"section\" data-settings=\"{&quot;background_background&quot;:&quot;classic&quot;}\">\n\t\t\t\t\t\t\t<div class=\"elementor-background-overlay\"><\/div>\n\t\t\t\t\t\t\t<div class=\"elementor-container elementor-column-gap-default\">\n\t\t\t\t\t<div class=\"elementor-column elementor-col-50 elementor-top-column elementor-element elementor-element-f8d875b\" data-id=\"f8d875b\" data-element_type=\"column\">\n\t\t\t<div class=\"elementor-widget-wrap elementor-element-populated\">\n\t\t\t\t\t\t<div class=\"elementor-element elementor-element-45cbbb8 elementor-widget elementor-widget-heading\" data-id=\"45cbbb8\" data-element_type=\"widget\" data-widget_type=\"heading.default\">\n\t\t\t\t<div class=\"elementor-widget-container\">\n\t\t\t<style>\/*! elementor - v3.20.0 - 26-03-2024 *\/\n.elementor-heading-title{padding:0;margin:0;line-height:1}.elementor-widget-heading .elementor-heading-title[class*=elementor-size-]>a{color:inherit;font-size:inherit;line-height:inherit}.elementor-widget-heading .elementor-heading-title.elementor-size-small{font-size:15px}.elementor-widget-heading .elementor-heading-title.elementor-size-medium{font-size:19px}.elementor-widget-heading .elementor-heading-title.elementor-size-large{font-size:29px}.elementor-widget-heading .elementor-heading-title.elementor-size-xl{font-size:39px}.elementor-widget-heading .elementor-heading-title.elementor-size-xxl{font-size:59px}<\/style><h1 class=\"elementor-heading-title elementor-size-default\">chemia do mycia <br\/>i dezynfekcji<\/h1>\t\t<\/div>\n\t\t\t\t<\/div>\n\t\t\t\t<div class=\"elementor-element elementor-element-5f4433c elementor-widget elementor-widget-text-editor\" data-id=\"5f4433c\" data-element_type=\"widget\" data-widget_type=\"text-editor.default\">\n\t\t\t\t<div class=\"elementor-widget-container\">\n\t\t\t<style>\/*! elementor - v3.20.0 - 26-03-2024 *\/\n.elementor-widget-text-editor.elementor-drop-cap-view-stacked .elementor-drop-cap{background-color:#69727d;color:#fff}.elementor-widget-text-editor.elementor-drop-cap-view-framed .elementor-drop-cap{color:#69727d;border:3px solid;background-color:transparent}.elementor-widget-text-editor:not(.elementor-drop-cap-view-default) .elementor-drop-cap{margin-top:8px}.elementor-widget-text-editor:not(.elementor-drop-cap-view-default) .elementor-drop-cap-letter{width:1em;height:1em}.elementor-widget-text-editor .elementor-drop-cap{float:left;text-align:center;line-height:1;font-size:50px}.elementor-widget-text-editor .elementor-drop-cap-letter{display:inline-block}<\/style>\t\t\t\t<p>Nasze produkty zapewniaj\u0105 skuteczne rozwi\u0105zania dla utrzymania najwy\u017cszych standard\u00f3w higieny i czysto\u015bci w Twoim otoczeniu.<\/p>\t\t\t\t\t\t<\/div>\n\t\t\t\t<\/div>\n\t\t\t\t\t<\/div>\n\t\t<\/div>\n\t\t\t\t<div class=\"elementor-column elementor-col-50 elementor-top-column elementor-element elementor-element-87949d3\" data-id=\"87949d3\" data-element_type=\"column\">\n\t\t\t<div class=\"elementor-widget-wrap\">\n\t\t\t\t\t\t\t<\/div>\n\t\t<\/div>\n\t\t\t\t\t<\/div>\n\t\t<\/section>\n\t\t<div class=\"elementor-element elementor-element-4fe456d e-flex e-con-boxed e-con e-parent\" data-id=\"4fe456d\" data-element_type=\"container\" data-core-v316-plus=\"true\">\n\t\t\t\t\t<div class=\"e-con-inner\">\n\t\t\t\t<div class=\"elementor-element elementor-element-0ee7543 elementor-widget elementor-widget-heading\" data-id=\"0ee7543\" data-element_type=\"widget\" data-widget_type=\"heading.default\">\n\t\t\t\t<div class=\"elementor-widget-container\">\n\t\t\t<h2 class=\"elementor-heading-title elementor-size-default\">Najcz\u0119\u015bciej wybierane produkty chemii <br\/>do mycia i dezynfekcji<\/h2>\t\t<\/div>\n\t\t\t\t<\/div>\n\t\t\t\t\t<\/div>\n\t\t\t\t<\/div>\n\t\t<div class=\"elementor-element elementor-element-593986b e-con-full e-flex e-con e-parent\" data-id=\"593986b\" data-element_type=\"container\" data-core-v316-plus=\"true\">\n\t\t<div class=\"elementor-element elementor-element-1a56c09 e-con-full e-flex e-con e-child\" data-id=\"1a56c09\" data-element_type=\"container\">\n\t\t\t\t<div class=\"elementor-element elementor-element-245026c elementor-flip-box--effect-flip elementor-flip-box--direction-up elementor-widget elementor-widget-flip-box\" data-id=\"245026c\" data-element_type=\"widget\" data-widget_type=\"flip-box.default\">\n\t\t\t\t<div class=\"elementor-widget-container\">\n\t\t\t<link rel=\"stylesheet\" href=\"https:\/\/chprofit.dkonto.pl\/wp-content\/plugins\/elementor-pro\/assets\/css\/widget-flip-box.min.css\">\t\t<div class=\"elementor-flip-box\" tabindex=\"0\">\n\t\t\t<div class=\"elementor-flip-box__layer elementor-flip-box__front\">\n\t\t\t\t<div class=\"elementor-flip-box__layer__overlay\">\n\t\t\t\t\t<div class=\"elementor-flip-box__layer__inner\">\n\t\t\t\t\t\t\t\t\t\t\t\t\t<div class=\"elementor-flip-box__image\">\n\t\t\t\t\t\t\t\t<img fetchpriority=\"high\" decoding=\"async\" width=\"200\" height=\"300\" src=\"https:\/\/chprofit.dkonto.pl\/wp-content\/uploads\/2024\/04\/Tesol-200x300.png\" class=\"attachment-medium size-medium wp-image-664\" alt=\"Tesol\" srcset=\"https:\/\/chprofit.dkonto.pl\/wp-content\/uploads\/2024\/04\/Tesol-200x300.png 200w, https:\/\/chprofit.dkonto.pl\/wp-content\/uploads\/2024\/04\/Tesol-684x1024.png 684w, https:\/\/chprofit.dkonto.pl\/wp-content\/uploads\/2024\/04\/Tesol-768x1150.png 768w, https:\/\/chprofit.dkonto.pl\/wp-content\/uploads\/2024\/04\/Tesol-1026x1536.png 1026w, https:\/\/chprofit.dkonto.pl\/wp-content\/uploads\/2024\/04\/Tesol-1368x2048.png 1368w, https:\/\/chprofit.dkonto.pl\/wp-content\/uploads\/2024\/04\/Tesol.png 1403w\" sizes=\"(max-width: 200px) 100vw, 200px\" \/>\t\t\t\t\t\t\t<\/div>\n\t\t\t\t\t\t\n\t\t\t\t\t\t\t\t\t\t\t\t\t<h3 class=\"elementor-flip-box__layer__title\">\n\t\t\t\t\t\t\t\tTESOL\t\t\t\t\t\t\t<\/h3>\n\t\t\t\t\t\t\n\t\t\t\t\t\t\t\t\t\t\t\t\t<div class=\"elementor-flip-box__layer__description\">\n\t\t\t\t\t\t\t\tAlkaliczny p\u0142yn myj\u0105co-dezynfekuj\u0105cy zawieraj\u0105cy aktywny chlor, dla zak\u0142ad\u00f3w przemys\u0142u spo\u017cywczego.\t\t\t\t\t\t\t<\/div>\n\t\t\t\t\t\t\t\t\t\t\t<\/div>\n\t\t\t\t<\/div>\n\t\t\t<\/div>\n\t\t\t<div class=\"elementor-flip-box__layer elementor-flip-box__back\">\n\t\t\t<div class=\"elementor-flip-box__layer__overlay\">\n\t\t\t\t<div class=\"elementor-flip-box__layer__inner\">\n\t\t\t\t\t\n\t\t\t\t\t\t\t\t\t\t\t<div class=\"elementor-flip-box__layer__description\">\n\t\t\t\t\t\t\tTESOL jest pianowym, alkalicznym, myj\u0105co-dezynfekuj\u0105cym produktem biob\u00f3jczym. Substancj\u0105 czynn\u0105 w preparacie,  jest aktywny chlor uwalniany przez podchloryn sodu, CAS: 7681-52-9, WE: 231-668-3 [zaw. 4,5g\/100g]. Przeznaczony jest, do stosowania w zak\u0142adach przetw\u00f3rstwa spo\u017cywczego, do mycia i dezynfekcji powierzchni kontaktuj\u0105cych si\u0119 z \u017cywno\u015bci\u0105. Posiada w\u0142a\u015bciwo\u015bci bakteriob\u00f3jcze i grzybob\u00f3jcze.\t\t\t\t\t\t<\/div>\n\t\t\t\t\t\n\t\t\t\t\t\t\t\t<\/div>\n\t\t<\/div>\n\t\t<\/div>\n\t\t<\/div>\n\t\t\t\t<\/div>\n\t\t\t\t<\/div>\n\t\t\t\t<\/div>\n\t\t<div class=\"elementor-element elementor-element-1179e25 e-con-full e-flex e-con e-child\" data-id=\"1179e25\" data-element_type=\"container\">\n\t\t\t\t<div class=\"elementor-element elementor-element-3ee4381 elementor-flip-box--effect-flip elementor-flip-box--direction-up elementor-widget elementor-widget-flip-box\" data-id=\"3ee4381\" data-element_type=\"widget\" data-widget_type=\"flip-box.default\">\n\t\t\t\t<div class=\"elementor-widget-container\">\n\t\t\t\t\t<div class=\"elementor-flip-box\" tabindex=\"0\">\n\t\t\t<div class=\"elementor-flip-box__layer elementor-flip-box__front\">\n\t\t\t\t<div class=\"elementor-flip-box__layer__overlay\">\n\t\t\t\t\t<div class=\"elementor-flip-box__layer__inner\">\n\t\t\t\t\t\t\t\t\t\t\t\t\t<div class=\"elementor-flip-box__image\">\n\t\t\t\t\t\t\t\t<img decoding=\"async\" width=\"200\" height=\"300\" src=\"https:\/\/chprofit.dkonto.pl\/wp-content\/uploads\/2024\/04\/Tesol-ME-200x300.png\" class=\"attachment-medium size-medium wp-image-663\" alt=\"Tesol ME\" srcset=\"https:\/\/chprofit.dkonto.pl\/wp-content\/uploads\/2024\/04\/Tesol-ME-200x300.png 200w, https:\/\/chprofit.dkonto.pl\/wp-content\/uploads\/2024\/04\/Tesol-ME-684x1024.png 684w, https:\/\/chprofit.dkonto.pl\/wp-content\/uploads\/2024\/04\/Tesol-ME-768x1150.png 768w, https:\/\/chprofit.dkonto.pl\/wp-content\/uploads\/2024\/04\/Tesol-ME-1026x1536.png 1026w, https:\/\/chprofit.dkonto.pl\/wp-content\/uploads\/2024\/04\/Tesol-ME-1368x2048.png 1368w, https:\/\/chprofit.dkonto.pl\/wp-content\/uploads\/2024\/04\/Tesol-ME.png 1403w\" sizes=\"(max-width: 200px) 100vw, 200px\" \/>\t\t\t\t\t\t\t<\/div>\n\t\t\t\t\t\t\n\t\t\t\t\t\t\t\t\t\t\t\t\t<h3 class=\"elementor-flip-box__layer__title\">\n\t\t\t\t\t\t\t\tTESOL ME\t\t\t\t\t\t\t<\/h3>\n\t\t\t\t\t\t\n\t\t\t\t\t\t\t\t\t\t\t\t\t<div class=\"elementor-flip-box__layer__description\">\n\t\t\t\t\t\t\t\tP\u0142yn do mycia i dezynfekcji powierzchni kontaktuj\u0105cych si\u0119 z \u017cywno\u015bci\u0105 w zak\u0142adach przetw\u00f3rstwa spo\u017cywczego.\t\t\t\t\t\t\t<\/div>\n\t\t\t\t\t\t\t\t\t\t\t<\/div>\n\t\t\t\t<\/div>\n\t\t\t<\/div>\n\t\t\t<div class=\"elementor-flip-box__layer elementor-flip-box__back\">\n\t\t\t<div class=\"elementor-flip-box__layer__overlay\">\n\t\t\t\t<div class=\"elementor-flip-box__layer__inner\">\n\t\t\t\t\t\n\t\t\t\t\t\t\t\t\t\t\t<div class=\"elementor-flip-box__layer__description\">\n\t\t\t\t\t\t\tTESOL ME jest p\u0142ynnym, niepieni\u0105cym si\u0119 produktem biob\u00f3jczym zawieraj\u0105cym w swym sk\u0142adzie jako substancj\u0119 czynn\u0105: aktywny chlor uwalniany przez podchloryn sodu, CAS: 7681-52-9, WE: 231-668-3 [zaw. 4,3g\/100g]. Przeznaczony jest do mycia i dezynfekcji powierzchni kontaktuj\u0105cych si\u0119 z \u017cywno\u015bci\u0105 w zak\u0142adach przetw\u00f3rstwa spo\u017cywczego.\n\n\t\t\t\t\t\t<\/div>\n\t\t\t\t\t\n\t\t\t\t\t\t\t\t<\/div>\n\t\t<\/div>\n\t\t<\/div>\n\t\t<\/div>\n\t\t\t\t<\/div>\n\t\t\t\t<\/div>\n\t\t\t\t<\/div>\n\t\t<div class=\"elementor-element elementor-element-e574d59 e-con-full e-flex e-con e-child\" data-id=\"e574d59\" data-element_type=\"container\">\n\t\t\t\t<div class=\"elementor-element elementor-element-d4d8f81 elementor-flip-box--effect-flip elementor-flip-box--direction-up elementor-widget elementor-widget-flip-box\" data-id=\"d4d8f81\" data-element_type=\"widget\" data-widget_type=\"flip-box.default\">\n\t\t\t\t<div class=\"elementor-widget-container\">\n\t\t\t\t\t<div class=\"elementor-flip-box\" tabindex=\"0\">\n\t\t\t<div class=\"elementor-flip-box__layer elementor-flip-box__front\">\n\t\t\t\t<div class=\"elementor-flip-box__layer__overlay\">\n\t\t\t\t\t<div class=\"elementor-flip-box__layer__inner\">\n\t\t\t\t\t\t\t\t\t\t\t\t\t<div class=\"elementor-flip-box__image\">\n\t\t\t\t\t\t\t\t<img decoding=\"async\" width=\"200\" height=\"300\" src=\"https:\/\/chprofit.dkonto.pl\/wp-content\/uploads\/2024\/04\/Alusol-200x300.png\" class=\"attachment-medium size-medium wp-image-665\" alt=\"Alusol\" srcset=\"https:\/\/chprofit.dkonto.pl\/wp-content\/uploads\/2024\/04\/Alusol-200x300.png 200w, https:\/\/chprofit.dkonto.pl\/wp-content\/uploads\/2024\/04\/Alusol-684x1024.png 684w, https:\/\/chprofit.dkonto.pl\/wp-content\/uploads\/2024\/04\/Alusol-768x1150.png 768w, https:\/\/chprofit.dkonto.pl\/wp-content\/uploads\/2024\/04\/Alusol-1026x1536.png 1026w, https:\/\/chprofit.dkonto.pl\/wp-content\/uploads\/2024\/04\/Alusol-1368x2048.png 1368w, https:\/\/chprofit.dkonto.pl\/wp-content\/uploads\/2024\/04\/Alusol.png 1403w\" sizes=\"(max-width: 200px) 100vw, 200px\" \/>\t\t\t\t\t\t\t<\/div>\n\t\t\t\t\t\t\n\t\t\t\t\t\t\t\t\t\t\t\t\t<h3 class=\"elementor-flip-box__layer__title\">\n\t\t\t\t\t\t\t\tALUSOL\t\t\t\t\t\t\t<\/h3>\n\t\t\t\t\t\t\n\t\t\t\t\t\t\t\t\t\t\t\t\t<div class=\"elementor-flip-box__layer__description\">\n\t\t\t\t\t\t\t\tKwa\u015bny p\u0142yn do mycia maszyn, urz\u0105dze\u0144 i pomieszcze\u0144 w zak\u0142adach przemys\u0142u spo\u017cywczego. Usuwa zanieczyszczenia t\u0142uszczowe.\t\t\t\t\t\t\t<\/div>\n\t\t\t\t\t\t\t\t\t\t\t<\/div>\n\t\t\t\t<\/div>\n\t\t\t<\/div>\n\t\t\t<div class=\"elementor-flip-box__layer elementor-flip-box__back\">\n\t\t\t<div class=\"elementor-flip-box__layer__overlay\">\n\t\t\t\t<div class=\"elementor-flip-box__layer__inner\">\n\t\t\t\t\t\n\t\t\t\t\t\t\t\t\t\t\t<div class=\"elementor-flip-box__layer__description\">\n\t\t\t\t\t\t\tKwa\u015bny p\u0142yn do mycia maszyn, urz\u0105dze\u0144 i pomieszcze\u0144 w zak\u0142adach przemys\u0142u spo\u017cywczego. Usuwa zanieczyszczenia t\u0142uszczowe i bia\u0142kowe oraz osady kamienia wodnego i rdzy z wszelkich powierzchni. Produkt o szybkim i skutecznym dzia\u0142aniu oraz wysokiej penetracji. Tworzy stabiln\u0105 i bardzo przyczepn\u0105 pian\u0119.\t\t\t\t\t\t<\/div>\n\t\t\t\t\t\n\t\t\t\t\t\t\t\t<\/div>\n\t\t<\/div>\n\t\t<\/div>\n\t\t<\/div>\n\t\t\t\t<\/div>\n\t\t\t\t<\/div>\n\t\t\t\t<\/div>\n\t\t<div class=\"elementor-element elementor-element-31ad500 e-con-full e-flex e-con e-child\" data-id=\"31ad500\" data-element_type=\"container\">\n\t\t\t\t<div class=\"elementor-element elementor-element-312cc7a elementor-flip-box--effect-flip elementor-flip-box--direction-up elementor-widget elementor-widget-flip-box\" data-id=\"312cc7a\" data-element_type=\"widget\" data-widget_type=\"flip-box.default\">\n\t\t\t\t<div class=\"elementor-widget-container\">\n\t\t\t\t\t<div class=\"elementor-flip-box\" tabindex=\"0\">\n\t\t\t<div class=\"elementor-flip-box__layer elementor-flip-box__front\">\n\t\t\t\t<div class=\"elementor-flip-box__layer__overlay\">\n\t\t\t\t\t<div class=\"elementor-flip-box__layer__inner\">\n\t\t\t\t\t\t\t\t\t\t\t\t\t<div class=\"elementor-flip-box__image\">\n\t\t\t\t\t\t\t\t<img loading=\"lazy\" decoding=\"async\" width=\"200\" height=\"300\" src=\"https:\/\/chprofit.dkonto.pl\/wp-content\/uploads\/2024\/04\/Termosol-200x300.png\" class=\"attachment-medium size-medium wp-image-662\" alt=\"Termosol\" srcset=\"https:\/\/chprofit.dkonto.pl\/wp-content\/uploads\/2024\/04\/Termosol-200x300.png 200w, https:\/\/chprofit.dkonto.pl\/wp-content\/uploads\/2024\/04\/Termosol-684x1024.png 684w, https:\/\/chprofit.dkonto.pl\/wp-content\/uploads\/2024\/04\/Termosol-768x1150.png 768w, https:\/\/chprofit.dkonto.pl\/wp-content\/uploads\/2024\/04\/Termosol-1026x1536.png 1026w, https:\/\/chprofit.dkonto.pl\/wp-content\/uploads\/2024\/04\/Termosol-1368x2048.png 1368w, https:\/\/chprofit.dkonto.pl\/wp-content\/uploads\/2024\/04\/Termosol.png 1403w\" sizes=\"(max-width: 200px) 100vw, 200px\" \/>\t\t\t\t\t\t\t<\/div>\n\t\t\t\t\t\t\n\t\t\t\t\t\t\t\t\t\t\t\t\t<h3 class=\"elementor-flip-box__layer__title\">\n\t\t\t\t\t\t\t\tTermosol\t\t\t\t\t\t\t<\/h3>\n\t\t\t\t\t\t\n\t\t\t\t\t\t\t\t\t\t\t\t\t<div class=\"elementor-flip-box__layer__description\">\n\t\t\t\t\t\t\t\tAlkaliczny pianowy p\u0142yn do mycia kom\u00f3r w\u0119dzarniczych metod\u0105 pianow\u0105.\t\t\t\t\t\t\t<\/div>\n\t\t\t\t\t\t\t\t\t\t\t<\/div>\n\t\t\t\t<\/div>\n\t\t\t<\/div>\n\t\t\t<div class=\"elementor-flip-box__layer elementor-flip-box__back\">\n\t\t\t<div class=\"elementor-flip-box__layer__overlay\">\n\t\t\t\t<div class=\"elementor-flip-box__layer__inner\">\n\t\t\t\t\t\n\t\t\t\t\t\t\t\t\t\t\t<div class=\"elementor-flip-box__layer__description\">\n\t\t\t\t\t\t\tP\u0142yn do mycia kom\u00f3r w\u0119dzarniczych Termosol o szybkim i skutecznym dzia\u0142aniu oraz wysokiej penetracji. Tworzy stabiln\u0105 i bardzo przyczepn\u0105 pian\u0119.\t\t\t\t\t\t<\/div>\n\t\t\t\t\t\n\t\t\t\t\t\t\t\t<\/div>\n\t\t<\/div>\n\t\t<\/div>\n\t\t<\/div>\n\t\t\t\t<\/div>\n\t\t\t\t<\/div>\n\t\t\t\t<\/div>\n\t\t<div class=\"elementor-element elementor-element-3a718e7 e-con-full e-flex e-con e-child\" data-id=\"3a718e7\" data-element_type=\"container\">\n\t\t\t\t<div class=\"elementor-element elementor-element-3706e67 elementor-flip-box--effect-flip elementor-flip-box--direction-up elementor-widget elementor-widget-flip-box\" data-id=\"3706e67\" data-element_type=\"widget\" data-widget_type=\"flip-box.default\">\n\t\t\t\t<div class=\"elementor-widget-container\">\n\t\t\t\t\t<div class=\"elementor-flip-box\" tabindex=\"0\">\n\t\t\t<div class=\"elementor-flip-box__layer elementor-flip-box__front\">\n\t\t\t\t<div class=\"elementor-flip-box__layer__overlay\">\n\t\t\t\t\t<div class=\"elementor-flip-box__layer__inner\">\n\t\t\t\t\t\t\t\t\t\t\t\t\t<div class=\"elementor-flip-box__image\">\n\t\t\t\t\t\t\t\t<img loading=\"lazy\" decoding=\"async\" width=\"220\" height=\"300\" src=\"https:\/\/chprofit.dkonto.pl\/wp-content\/uploads\/2024\/04\/Radisol-SR-220x300.png\" class=\"attachment-medium size-medium wp-image-661\" alt=\"Radisol SR\" srcset=\"https:\/\/chprofit.dkonto.pl\/wp-content\/uploads\/2024\/04\/Radisol-SR-220x300.png 220w, https:\/\/chprofit.dkonto.pl\/wp-content\/uploads\/2024\/04\/Radisol-SR-752x1024.png 752w, https:\/\/chprofit.dkonto.pl\/wp-content\/uploads\/2024\/04\/Radisol-SR-768x1045.png 768w, https:\/\/chprofit.dkonto.pl\/wp-content\/uploads\/2024\/04\/Radisol-SR-1129x1536.png 1129w, https:\/\/chprofit.dkonto.pl\/wp-content\/uploads\/2024\/04\/Radisol-SR.png 1424w\" sizes=\"(max-width: 220px) 100vw, 220px\" \/>\t\t\t\t\t\t\t<\/div>\n\t\t\t\t\t\t\n\t\t\t\t\t\t\t\t\t\t\t\t\t<h3 class=\"elementor-flip-box__layer__title\">\n\t\t\t\t\t\t\t\tRadisol SR\t\t\t\t\t\t\t<\/h3>\n\t\t\t\t\t\t\n\t\t\t\t\t\t\t\t\t\t\t\t\t<div class=\"elementor-flip-box__layer__description\">\n\t\t\t\t\t\t\t\tP\u0142yn do higienicznej dezynfekcji r\u0105k w zak\u0142adach przetw\u00f3rstwa spo\u017cywczego.\t\t\t\t\t\t\t<\/div>\n\t\t\t\t\t\t\t\t\t\t\t<\/div>\n\t\t\t\t<\/div>\n\t\t\t<\/div>\n\t\t\t<div class=\"elementor-flip-box__layer elementor-flip-box__back\">\n\t\t\t<div class=\"elementor-flip-box__layer__overlay\">\n\t\t\t\t<div class=\"elementor-flip-box__layer__inner\">\n\t\t\t\t\t\n\t\t\t\t\t\t\t\t\t\t\t<div class=\"elementor-flip-box__layer__description\">\n\t\t\t\t\t\t\tRADISOL SR jest produktem biob\u00f3jczym, w kt\u00f3rym substancj\u0105 czynn\u0105 jest: propan-2-ol CAS: 67-63-0, WE: 200-661-7 [zaw. 66g\/100g]. Zgodnie z badaniami przeprowadzonymi wed\u0142ug normy PN-EN 1500, wykazuje istotnie efektywne dzia\u0142anie bakteriob\u00f3jcze na powierzchni sk\u00f3ry r\u0105k podczas kontaktu trwaj\u0105cego 30 sekund. Zalecany kierunek wykorzystania produktu to dezynfekcja r\u0105k pracownik\u00f3w w przemy\u015ble spo\u017cywczym.\t\t\t\t\t\t<\/div>\n\t\t\t\t\t\n\t\t\t\t\t\t\t\t<\/div>\n\t\t<\/div>\n\t\t<\/div>\n\t\t<\/div>\n\t\t\t\t<\/div>\n\t\t\t\t<\/div>\n\t\t\t\t<\/div>\n\t\t<div class=\"elementor-element elementor-element-995b2f2 e-con-full e-flex e-con e-child\" data-id=\"995b2f2\" data-element_type=\"container\">\n\t\t\t\t<div class=\"elementor-element elementor-element-b576063 elementor-flip-box--effect-flip elementor-flip-box--direction-up elementor-widget elementor-widget-flip-box\" data-id=\"b576063\" data-element_type=\"widget\" data-widget_type=\"flip-box.default\">\n\t\t\t\t<div class=\"elementor-widget-container\">\n\t\t\t\t\t<div class=\"elementor-flip-box\" tabindex=\"0\">\n\t\t\t<div class=\"elementor-flip-box__layer elementor-flip-box__front\">\n\t\t\t\t<div class=\"elementor-flip-box__layer__overlay\">\n\t\t\t\t\t<div class=\"elementor-flip-box__layer__inner\">\n\t\t\t\t\t\t\t\t\t\t\t\t\t<div class=\"elementor-flip-box__image\">\n\t\t\t\t\t\t\t\t<img loading=\"lazy\" decoding=\"async\" width=\"200\" height=\"300\" src=\"https:\/\/chprofit.dkonto.pl\/wp-content\/uploads\/2024\/04\/Radacid-200x300.png\" class=\"attachment-medium size-medium wp-image-660\" alt=\"Radacid\" srcset=\"https:\/\/chprofit.dkonto.pl\/wp-content\/uploads\/2024\/04\/Radacid-200x300.png 200w, https:\/\/chprofit.dkonto.pl\/wp-content\/uploads\/2024\/04\/Radacid-684x1024.png 684w, https:\/\/chprofit.dkonto.pl\/wp-content\/uploads\/2024\/04\/Radacid-768x1150.png 768w, https:\/\/chprofit.dkonto.pl\/wp-content\/uploads\/2024\/04\/Radacid-1026x1536.png 1026w, https:\/\/chprofit.dkonto.pl\/wp-content\/uploads\/2024\/04\/Radacid-1368x2048.png 1368w, https:\/\/chprofit.dkonto.pl\/wp-content\/uploads\/2024\/04\/Radacid.png 1403w\" sizes=\"(max-width: 200px) 100vw, 200px\" \/>\t\t\t\t\t\t\t<\/div>\n\t\t\t\t\t\t\n\t\t\t\t\t\t\t\t\t\t\t\t\t<h3 class=\"elementor-flip-box__layer__title\">\n\t\t\t\t\t\t\t\tRadacid\t\t\t\t\t\t\t<\/h3>\n\t\t\t\t\t\t\n\t\t\t\t\t\t\t\t\t\t\t\t\t<div class=\"elementor-flip-box__layer__description\">\n\t\t\t\t\t\t\t\tP\u0142yn do mycia powierzchni kontaktuj\u0105cych si\u0119 z \u017cywno\u015bci\u0105 w zak\u0142adach przetw\u00f3rstwa spo\u017cywczego.\t\t\t\t\t\t\t<\/div>\n\t\t\t\t\t\t\t\t\t\t\t<\/div>\n\t\t\t\t<\/div>\n\t\t\t<\/div>\n\t\t\t<div class=\"elementor-flip-box__layer elementor-flip-box__back\">\n\t\t\t<div class=\"elementor-flip-box__layer__overlay\">\n\t\t\t\t<div class=\"elementor-flip-box__layer__inner\">\n\t\t\t\t\t\n\t\t\t\t\t\t\t\t\t\t\t<div class=\"elementor-flip-box__layer__description\">\n\t\t\t\t\t\t\tKwa\u015bny niepieni\u0105cy p\u0142yn myj\u0105cy do stosowania w zak\u0142adach przemys\u0142u spo\u017cywczego.\nZastosowanie:\nmycie kwa\u015bne aparatury i urz\u0105dze\u0144 w systemach CIP w przemy\u015ble spo\u017cywczym,\nusuwanie kamienia wodnego,\nusuwanie nalot\u00f3w rdzy, usuwanie przebarwie\u0144 z owoc\u00f3w i warzyw,\nmycie powierzchni ze stali nierdzewnej,\nmycie instalacji udojowych oraz sch\u0142adzalnik\u00f3w na mleko,\npreparat mo\u017ce by\u0107 stosowany we wszystkich typach urz\u0105dze\u0144 udojowych.\t\t\t\t\t\t<\/div>\n\t\t\t\t\t\n\t\t\t\t\t\t\t\t<\/div>\n\t\t<\/div>\n\t\t<\/div>\n\t\t<\/div>\n\t\t\t\t<\/div>\n\t\t\t\t<\/div>\n\t\t\t\t<\/div>\n\t\t\t\t<\/div>\n\t\t\t\t<\/div>\n\t\t","protected":false},"excerpt":{"rendered":"<p>chemia do mycia i dezynfekcji Nasze produkty zapewniaj\u0105 skuteczne rozwi\u0105zania dla utrzymania najwy\u017cszych standard\u00f3w higieny i czysto\u015bci w Twoim otoczeniu. Najcz\u0119\u015bciej wybierane produkty chemii do mycia i dezynfekcji TESOL Alkaliczny p\u0142yn myj\u0105co-dezynfekuj\u0105cy zawieraj\u0105cy aktywny chlor, dla zak\u0142ad\u00f3w przemys\u0142u spo\u017cywczego. TESOL jest pianowym, alkalicznym, myj\u0105co-dezynfekuj\u0105cym produktem biob\u00f3jczym. Substancj\u0105 czynn\u0105 w preparacie, jest aktywny chlor uwalniany przez &hellip;<\/p>\n<p class=\"read-more\"> <a class=\"\" href=\"https:\/\/chprofit.dkonto.pl\/index.php\/chemia-do-mycia-i-dezynfekcji\/\"> <span class=\"screen-reader-text\">Chemia do mycia i dezynfekcji<\/span> Read More &raquo;<\/a><\/p>\n","protected":false},"author":1,"featured_media":0,"parent":0,"menu_order":0,"comment_status":"closed","ping_status":"closed","template":"","meta":{"inline_featured_image":false,"site-sidebar-layout":"no-sidebar","site-content-layout":"","ast-site-content-layout":"full-width-container","site-content-style":"default","site-sidebar-style":"default","ast-global-header-display":"","ast-banner-title-visibility":"","ast-main-header-display":"","ast-hfb-above-header-display":"","ast-hfb-below-header-display":"","ast-hfb-mobile-header-display":"","site-post-title":"disabled","ast-breadcrumbs-content":"","ast-featured-img":"disabled","footer-sml-layout":"","theme-transparent-header-meta":"","adv-header-id-meta":"","stick-header-meta":"","header-above-stick-meta":"","header-main-stick-meta":"","header-below-stick-meta":"","astra-migrate-meta-layouts":"default","ast-page-background-enabled":"default","ast-page-background-meta":{"desktop":{"background-color":"var(--ast-global-color-4)","background-image":"","background-repeat":"repeat","background-position":"center center","background-size":"auto","background-attachment":"scroll","background-type":"","background-media":"","overlay-type":"","overlay-color":"","overlay-gradient":""},"tablet":{"background-color":"","background-image":"","background-repeat":"repeat","background-position":"center center","background-size":"auto","background-attachment":"scroll","background-type":"","background-media":"","overlay-type":"","overlay-color":"","overlay-gradient":""},"mobile":{"background-color":"","background-image":"","background-repeat":"repeat","background-position":"center center","background-size":"auto","background-attachment":"scroll","background-type":"","background-media":"","overlay-type":"","overlay-color":"","overlay-gradient":""}},"ast-content-background-meta":{"desktop":{"background-color":"var(--ast-global-color-5)","background-image":"","background-repeat":"repeat","background-position":"center center","background-size":"auto","background-attachment":"scroll","background-type":"","background-media":"","overlay-type":"","overlay-color":"","overlay-gradient":""},"tablet":{"background-color":"var(--ast-global-color-5)","background-image":"","background-repeat":"repeat","background-position":"center center","background-size":"auto","background-attachment":"scroll","background-type":"","background-media":"","overlay-type":"","overlay-color":"","overlay-gradient":""},"mobile":{"background-color":"var(--ast-global-color-5)","background-image":"","background-repeat":"repeat","background-position":"center center","background-size":"auto","background-attachment":"scroll","background-type":"","background-media":"","overlay-type":"","overlay-color":"","overlay-gradient":""}},"footnotes":""},"class_list":["post-426","page","type-page","status-publish","hentry"],"_links":{"self":[{"href":"https:\/\/chprofit.dkonto.pl\/index.php\/wp-json\/wp\/v2\/pages\/426","targetHints":{"allow":["GET"]}}],"collection":[{"href":"https:\/\/chprofit.dkonto.pl\/index.php\/wp-json\/wp\/v2\/pages"}],"about":[{"href":"https:\/\/chprofit.dkonto.pl\/index.php\/wp-json\/wp\/v2\/types\/page"}],"author":[{"embeddable":true,"href":"https:\/\/chprofit.dkonto.pl\/index.php\/wp-json\/wp\/v2\/users\/1"}],"replies":[{"embeddable":true,"href":"https:\/\/chprofit.dkonto.pl\/index.php\/wp-json\/wp\/v2\/comments?post=426"}],"version-history":[{"count":31,"href":"https:\/\/chprofit.dkonto.pl\/index.php\/wp-json\/wp\/v2\/pages\/426\/revisions"}],"predecessor-version":[{"id":1020,"href":"https:\/\/chprofit.dkonto.pl\/index.php\/wp-json\/wp\/v2\/pages\/426\/revisions\/1020"}],"wp:attachment":[{"href":"https:\/\/chprofit.dkonto.pl\/index.php\/wp-json\/wp\/v2\/media?parent=426"}],"curies":[{"name":"wp","href":"https:\/\/api.w.org\/{rel}","templated":true}]}}