{"id":443,"date":"2024-03-29T13:02:38","date_gmt":"2024-03-29T12:02:38","guid":{"rendered":"https:\/\/chprofit.dkonto.pl\/?page_id=443"},"modified":"2024-07-17T09:48:06","modified_gmt":"2024-07-17T07:48:06","slug":"akcesoria-do-sprzatania","status":"publish","type":"page","link":"https:\/\/chprofit.dkonto.pl\/index.php\/akcesoria-do-sprzatania\/","title":{"rendered":"Akcesoria do sprz\u0105tania"},"content":{"rendered":"\t\t<div data-elementor-type=\"wp-page\" data-elementor-id=\"443\" class=\"elementor elementor-443\" data-elementor-post-type=\"page\">\n\t\t\t\t\t\t<section class=\"elementor-section elementor-top-section elementor-element elementor-element-4820cd2 elementor-section-boxed elementor-section-height-default elementor-section-height-default\" data-id=\"4820cd2\" data-element_type=\"section\" data-settings=\"{&quot;background_background&quot;:&quot;classic&quot;}\">\n\t\t\t\t\t\t\t<div class=\"elementor-background-overlay\"><\/div>\n\t\t\t\t\t\t\t<div class=\"elementor-container elementor-column-gap-default\">\n\t\t\t\t\t<div class=\"elementor-column elementor-col-50 elementor-top-column elementor-element elementor-element-bcd60e7\" data-id=\"bcd60e7\" data-element_type=\"column\">\n\t\t\t<div class=\"elementor-widget-wrap elementor-element-populated\">\n\t\t\t\t\t\t<div class=\"elementor-element elementor-element-9f61950 elementor-widget elementor-widget-text-editor\" data-id=\"9f61950\" data-element_type=\"widget\" data-widget_type=\"text-editor.default\">\n\t\t\t\t<div class=\"elementor-widget-container\">\n\t\t\t<style>\/*! elementor - v3.20.0 - 26-03-2024 *\/\n.elementor-widget-text-editor.elementor-drop-cap-view-stacked .elementor-drop-cap{background-color:#69727d;color:#fff}.elementor-widget-text-editor.elementor-drop-cap-view-framed .elementor-drop-cap{color:#69727d;border:3px solid;background-color:transparent}.elementor-widget-text-editor:not(.elementor-drop-cap-view-default) .elementor-drop-cap{margin-top:8px}.elementor-widget-text-editor:not(.elementor-drop-cap-view-default) .elementor-drop-cap-letter{width:1em;height:1em}.elementor-widget-text-editor .elementor-drop-cap{float:left;text-align:center;line-height:1;font-size:50px}.elementor-widget-text-editor .elementor-drop-cap-letter{display:inline-block}<\/style>\t\t\t\t<p>Zapewniamy szeroki wyb\u00f3r wysokiej jako\u015bci <b>akcesori\u00f3w do sprz\u0105tania<\/b>, kt\u00f3re u\u0142atwi\u0105 utrzymanie czysto\u015bci w ka\u017cdym otoczeniu.<\/p>\t\t\t\t\t\t<\/div>\n\t\t\t\t<\/div>\n\t\t\t\t\t<\/div>\n\t\t<\/div>\n\t\t\t\t<div class=\"elementor-column elementor-col-50 elementor-top-column elementor-element elementor-element-7d03d08\" data-id=\"7d03d08\" data-element_type=\"column\">\n\t\t\t<div class=\"elementor-widget-wrap\">\n\t\t\t\t\t\t\t<\/div>\n\t\t<\/div>\n\t\t\t\t\t<\/div>\n\t\t<\/section>\n\t\t<div class=\"elementor-element elementor-element-dca44d7 e-flex e-con-boxed e-con e-parent\" data-id=\"dca44d7\" data-element_type=\"container\" data-core-v316-plus=\"true\">\n\t\t\t\t\t<div class=\"e-con-inner\">\n\t\t\t\t<div class=\"elementor-element elementor-element-25bdd8c elementor-widget elementor-widget-heading\" data-id=\"25bdd8c\" data-element_type=\"widget\" data-widget_type=\"heading.default\">\n\t\t\t\t<div class=\"elementor-widget-container\">\n\t\t\t<style>\/*! elementor - v3.20.0 - 26-03-2024 *\/\n.elementor-heading-title{padding:0;margin:0;line-height:1}.elementor-widget-heading .elementor-heading-title[class*=elementor-size-]>a{color:inherit;font-size:inherit;line-height:inherit}.elementor-widget-heading .elementor-heading-title.elementor-size-small{font-size:15px}.elementor-widget-heading .elementor-heading-title.elementor-size-medium{font-size:19px}.elementor-widget-heading .elementor-heading-title.elementor-size-large{font-size:29px}.elementor-widget-heading .elementor-heading-title.elementor-size-xl{font-size:39px}.elementor-widget-heading .elementor-heading-title.elementor-size-xxl{font-size:59px}<\/style><h2 class=\"elementor-heading-title elementor-size-default\">Dost\u0119pne akcesoria do sprz\u0105tania<\/h2>\t\t<\/div>\n\t\t\t\t<\/div>\n\t\t\t\t\t<\/div>\n\t\t\t\t<\/div>\n\t\t<div class=\"elementor-element elementor-element-fc6a99c e-con-full e-flex e-con e-parent\" data-id=\"fc6a99c\" data-element_type=\"container\" data-core-v316-plus=\"true\">\n\t\t<div class=\"elementor-element elementor-element-3c3c7b1 e-con-full e-flex e-con e-child\" data-id=\"3c3c7b1\" data-element_type=\"container\" data-settings=\"{&quot;background_background&quot;:&quot;classic&quot;}\">\n\t\t\t\t<div class=\"elementor-element elementor-element-3c382d5 elementor-widget elementor-widget-image\" data-id=\"3c382d5\" data-element_type=\"widget\" data-widget_type=\"image.default\">\n\t\t\t\t<div class=\"elementor-widget-container\">\n\t\t\t<style>\/*! elementor - v3.20.0 - 26-03-2024 *\/\n.elementor-widget-image{text-align:center}.elementor-widget-image a{display:inline-block}.elementor-widget-image a img[src$=\".svg\"]{width:48px}.elementor-widget-image img{vertical-align:middle;display:inline-block}<\/style>\t\t\t\t\t\t\t\t\t\t<img fetchpriority=\"high\" decoding=\"async\" width=\"300\" height=\"300\" src=\"https:\/\/chprofit.dkonto.pl\/wp-content\/uploads\/2024\/04\/wozek-nick-300x300.png\" class=\"attachment-medium size-medium wp-image-560\" alt=\"w\u00f3zek nick\" srcset=\"https:\/\/chprofit.dkonto.pl\/wp-content\/uploads\/2024\/04\/wozek-nick-300x300.png 300w, https:\/\/chprofit.dkonto.pl\/wp-content\/uploads\/2024\/04\/wozek-nick-150x150.png 150w, https:\/\/chprofit.dkonto.pl\/wp-content\/uploads\/2024\/04\/wozek-nick.png 450w\" sizes=\"(max-width: 300px) 100vw, 300px\" \/>\t\t\t\t\t\t\t\t\t\t\t\t\t<\/div>\n\t\t\t\t<\/div>\n\t\t\t\t<div class=\"elementor-element elementor-element-7113acc elementor-widget elementor-widget-heading\" data-id=\"7113acc\" data-element_type=\"widget\" data-widget_type=\"heading.default\">\n\t\t\t\t<div class=\"elementor-widget-container\">\n\t\t\t<h3 class=\"elementor-heading-title elementor-size-default\">w\u00f3zki<\/h3>\t\t<\/div>\n\t\t\t\t<\/div>\n\t\t\t\t<\/div>\n\t\t<div class=\"elementor-element elementor-element-3986c5e e-con-full e-flex e-con e-child\" data-id=\"3986c5e\" data-element_type=\"container\" data-settings=\"{&quot;background_background&quot;:&quot;classic&quot;}\">\n\t\t\t\t<div class=\"elementor-element elementor-element-d6ad3a7 elementor-widget elementor-widget-image\" data-id=\"d6ad3a7\" data-element_type=\"widget\" data-widget_type=\"image.default\">\n\t\t\t\t<div class=\"elementor-widget-container\">\n\t\t\t\t\t\t\t\t\t\t\t\t\t<img decoding=\"async\" width=\"300\" height=\"300\" src=\"https:\/\/chprofit.dkonto.pl\/wp-content\/uploads\/2024\/04\/wozek-z-przegroda-300x300.png\" class=\"attachment-medium size-medium wp-image-562\" alt=\"\" srcset=\"https:\/\/chprofit.dkonto.pl\/wp-content\/uploads\/2024\/04\/wozek-z-przegroda-300x300.png 300w, https:\/\/chprofit.dkonto.pl\/wp-content\/uploads\/2024\/04\/wozek-z-przegroda-150x150.png 150w, https:\/\/chprofit.dkonto.pl\/wp-content\/uploads\/2024\/04\/wozek-z-przegroda.png 600w\" sizes=\"(max-width: 300px) 100vw, 300px\" \/>\t\t\t\t\t\t\t\t\t\t\t\t\t<\/div>\n\t\t\t\t<\/div>\n\t\t\t\t<div class=\"elementor-element elementor-element-5d28bf6 elementor-widget elementor-widget-heading\" data-id=\"5d28bf6\" data-element_type=\"widget\" data-widget_type=\"heading.default\">\n\t\t\t\t<div class=\"elementor-widget-container\">\n\t\t\t<h3 class=\"elementor-heading-title elementor-size-default\">w\u00f3zki z przegrod\u0105<\/h3>\t\t<\/div>\n\t\t\t\t<\/div>\n\t\t\t\t<\/div>\n\t\t<div class=\"elementor-element elementor-element-fc9ebb2 e-con-full e-flex e-con e-child\" data-id=\"fc9ebb2\" data-element_type=\"container\" data-settings=\"{&quot;background_background&quot;:&quot;classic&quot;}\">\n\t\t\t\t<div class=\"elementor-element elementor-element-080365d elementor-widget elementor-widget-image\" data-id=\"080365d\" data-element_type=\"widget\" data-widget_type=\"image.default\">\n\t\t\t\t<div class=\"elementor-widget-container\">\n\t\t\t\t\t\t\t\t\t\t\t\t\t<img decoding=\"async\" width=\"300\" height=\"300\" src=\"https:\/\/chprofit.dkonto.pl\/wp-content\/uploads\/2024\/04\/wozek-hotelowy-300x300.png\" class=\"attachment-medium size-medium wp-image-563\" alt=\"w\u00f3zek hotelowy\" srcset=\"https:\/\/chprofit.dkonto.pl\/wp-content\/uploads\/2024\/04\/wozek-hotelowy-300x300.png 300w, https:\/\/chprofit.dkonto.pl\/wp-content\/uploads\/2024\/04\/wozek-hotelowy-150x150.png 150w, https:\/\/chprofit.dkonto.pl\/wp-content\/uploads\/2024\/04\/wozek-hotelowy.png 400w\" sizes=\"(max-width: 300px) 100vw, 300px\" \/>\t\t\t\t\t\t\t\t\t\t\t\t\t<\/div>\n\t\t\t\t<\/div>\n\t\t\t\t<div class=\"elementor-element elementor-element-1db6f5d elementor-widget elementor-widget-heading\" data-id=\"1db6f5d\" data-element_type=\"widget\" data-widget_type=\"heading.default\">\n\t\t\t\t<div class=\"elementor-widget-container\">\n\t\t\t<h3 class=\"elementor-heading-title elementor-size-default\">w\u00f3zki hotelowe<\/h3>\t\t<\/div>\n\t\t\t\t<\/div>\n\t\t\t\t<\/div>\n\t\t<div class=\"elementor-element elementor-element-6390d19 e-con-full e-flex e-con e-child\" data-id=\"6390d19\" data-element_type=\"container\" data-settings=\"{&quot;background_background&quot;:&quot;classic&quot;}\">\n\t\t\t\t<div class=\"elementor-element elementor-element-b3defd9 elementor-widget elementor-widget-image\" data-id=\"b3defd9\" data-element_type=\"widget\" data-widget_type=\"image.default\">\n\t\t\t\t<div class=\"elementor-widget-container\">\n\t\t\t\t\t\t\t\t\t\t\t\t\t<img loading=\"lazy\" decoding=\"async\" width=\"300\" height=\"300\" src=\"https:\/\/chprofit.dkonto.pl\/wp-content\/uploads\/2024\/04\/wiaderko-300x300.png\" class=\"attachment-medium size-medium wp-image-564\" alt=\"wiaderko\" srcset=\"https:\/\/chprofit.dkonto.pl\/wp-content\/uploads\/2024\/04\/wiaderko-300x300.png 300w, https:\/\/chprofit.dkonto.pl\/wp-content\/uploads\/2024\/04\/wiaderko-150x150.png 150w, https:\/\/chprofit.dkonto.pl\/wp-content\/uploads\/2024\/04\/wiaderko.png 450w\" sizes=\"(max-width: 300px) 100vw, 300px\" \/>\t\t\t\t\t\t\t\t\t\t\t\t\t<\/div>\n\t\t\t\t<\/div>\n\t\t\t\t<div class=\"elementor-element elementor-element-7401714 elementor-widget elementor-widget-heading\" data-id=\"7401714\" data-element_type=\"widget\" data-widget_type=\"heading.default\">\n\t\t\t\t<div class=\"elementor-widget-container\">\n\t\t\t<h3 class=\"elementor-heading-title elementor-size-default\">wiaderka<\/h3>\t\t<\/div>\n\t\t\t\t<\/div>\n\t\t\t\t<\/div>\n\t\t<div class=\"elementor-element elementor-element-84f6148 e-con-full e-flex e-con e-child\" data-id=\"84f6148\" data-element_type=\"container\" data-settings=\"{&quot;background_background&quot;:&quot;classic&quot;}\">\n\t\t\t\t<div class=\"elementor-element elementor-element-e4927bf elementor-widget elementor-widget-image\" data-id=\"e4927bf\" data-element_type=\"widget\" data-widget_type=\"image.default\">\n\t\t\t\t<div class=\"elementor-widget-container\">\n\t\t\t\t\t\t\t\t\t\t\t\t\t<img loading=\"lazy\" decoding=\"async\" width=\"300\" height=\"300\" src=\"https:\/\/chprofit.dkonto.pl\/wp-content\/uploads\/2024\/04\/uchwyt-padu-recznego-300x300.png\" class=\"attachment-medium size-medium wp-image-565\" alt=\"uchwyt padu r\u0119cznego\" srcset=\"https:\/\/chprofit.dkonto.pl\/wp-content\/uploads\/2024\/04\/uchwyt-padu-recznego-300x300.png 300w, https:\/\/chprofit.dkonto.pl\/wp-content\/uploads\/2024\/04\/uchwyt-padu-recznego-150x150.png 150w, https:\/\/chprofit.dkonto.pl\/wp-content\/uploads\/2024\/04\/uchwyt-padu-recznego.png 400w\" sizes=\"(max-width: 300px) 100vw, 300px\" \/>\t\t\t\t\t\t\t\t\t\t\t\t\t<\/div>\n\t\t\t\t<\/div>\n\t\t\t\t<div class=\"elementor-element elementor-element-b257bda elementor-widget elementor-widget-heading\" data-id=\"b257bda\" data-element_type=\"widget\" data-widget_type=\"heading.default\">\n\t\t\t\t<div class=\"elementor-widget-container\">\n\t\t\t<h3 class=\"elementor-heading-title elementor-size-default\">uchwyty padu r\u0119cznego<\/h3>\t\t<\/div>\n\t\t\t\t<\/div>\n\t\t\t\t<\/div>\n\t\t<div class=\"elementor-element elementor-element-f7cc360 e-con-full e-flex e-con e-child\" data-id=\"f7cc360\" data-element_type=\"container\" data-settings=\"{&quot;background_background&quot;:&quot;classic&quot;}\">\n\t\t\t\t<div class=\"elementor-element elementor-element-62490b0 elementor-widget elementor-widget-image\" data-id=\"62490b0\" data-element_type=\"widget\" data-widget_type=\"image.default\">\n\t\t\t\t<div class=\"elementor-widget-container\">\n\t\t\t\t\t\t\t\t\t\t\t\t\t<img loading=\"lazy\" decoding=\"async\" width=\"300\" height=\"300\" src=\"https:\/\/chprofit.dkonto.pl\/wp-content\/uploads\/2024\/04\/zbierak-do-podlog-300x300.png\" class=\"attachment-medium size-medium wp-image-566\" alt=\"\" srcset=\"https:\/\/chprofit.dkonto.pl\/wp-content\/uploads\/2024\/04\/zbierak-do-podlog-300x300.png 300w, https:\/\/chprofit.dkonto.pl\/wp-content\/uploads\/2024\/04\/zbierak-do-podlog-150x150.png 150w, https:\/\/chprofit.dkonto.pl\/wp-content\/uploads\/2024\/04\/zbierak-do-podlog.png 400w\" sizes=\"(max-width: 300px) 100vw, 300px\" \/>\t\t\t\t\t\t\t\t\t\t\t\t\t<\/div>\n\t\t\t\t<\/div>\n\t\t\t\t<div class=\"elementor-element elementor-element-4b76ddb elementor-widget elementor-widget-heading\" data-id=\"4b76ddb\" data-element_type=\"widget\" data-widget_type=\"heading.default\">\n\t\t\t\t<div class=\"elementor-widget-container\">\n\t\t\t<h3 class=\"elementor-heading-title elementor-size-default\">zbieraki do pod\u0142\u00f3g<\/h3>\t\t<\/div>\n\t\t\t\t<\/div>\n\t\t\t\t<\/div>\n\t\t<div class=\"elementor-element elementor-element-0bcce51 e-con-full e-flex e-con e-child\" data-id=\"0bcce51\" data-element_type=\"container\" data-settings=\"{&quot;background_background&quot;:&quot;classic&quot;}\">\n\t\t\t\t<div class=\"elementor-element elementor-element-45338eb elementor-widget elementor-widget-image\" data-id=\"45338eb\" data-element_type=\"widget\" data-widget_type=\"image.default\">\n\t\t\t\t<div class=\"elementor-widget-container\">\n\t\t\t\t\t\t\t\t\t\t\t\t\t<img loading=\"lazy\" decoding=\"async\" width=\"300\" height=\"300\" src=\"https:\/\/chprofit.dkonto.pl\/wp-content\/uploads\/2024\/04\/stelaz-speedy-300x300.png\" class=\"attachment-medium size-medium wp-image-568\" alt=\"\" srcset=\"https:\/\/chprofit.dkonto.pl\/wp-content\/uploads\/2024\/04\/stelaz-speedy-300x300.png 300w, https:\/\/chprofit.dkonto.pl\/wp-content\/uploads\/2024\/04\/stelaz-speedy-150x150.png 150w, https:\/\/chprofit.dkonto.pl\/wp-content\/uploads\/2024\/04\/stelaz-speedy.png 400w\" sizes=\"(max-width: 300px) 100vw, 300px\" \/>\t\t\t\t\t\t\t\t\t\t\t\t\t<\/div>\n\t\t\t\t<\/div>\n\t\t\t\t<div class=\"elementor-element elementor-element-c6f0bb1 elementor-widget elementor-widget-heading\" data-id=\"c6f0bb1\" data-element_type=\"widget\" data-widget_type=\"heading.default\">\n\t\t\t\t<div class=\"elementor-widget-container\">\n\t\t\t<h3 class=\"elementor-heading-title elementor-size-default\">stela\u017ce do mopa<\/h3>\t\t<\/div>\n\t\t\t\t<\/div>\n\t\t\t\t<\/div>\n\t\t<div class=\"elementor-element elementor-element-034044f e-con-full e-flex e-con e-child\" data-id=\"034044f\" data-element_type=\"container\" data-settings=\"{&quot;background_background&quot;:&quot;classic&quot;}\">\n\t\t\t\t<div class=\"elementor-element elementor-element-d21c075 elementor-widget elementor-widget-image\" data-id=\"d21c075\" data-element_type=\"widget\" data-widget_type=\"image.default\">\n\t\t\t\t<div class=\"elementor-widget-container\">\n\t\t\t\t\t\t\t\t\t\t\t\t\t<img loading=\"lazy\" decoding=\"async\" width=\"300\" height=\"300\" src=\"https:\/\/chprofit.dkonto.pl\/wp-content\/uploads\/2024\/04\/kij-teleskopowy-300x300.png\" class=\"attachment-medium size-medium wp-image-569\" alt=\"\" srcset=\"https:\/\/chprofit.dkonto.pl\/wp-content\/uploads\/2024\/04\/kij-teleskopowy-300x300.png 300w, https:\/\/chprofit.dkonto.pl\/wp-content\/uploads\/2024\/04\/kij-teleskopowy-150x150.png 150w, https:\/\/chprofit.dkonto.pl\/wp-content\/uploads\/2024\/04\/kij-teleskopowy.png 350w\" sizes=\"(max-width: 300px) 100vw, 300px\" \/>\t\t\t\t\t\t\t\t\t\t\t\t\t<\/div>\n\t\t\t\t<\/div>\n\t\t\t\t<div class=\"elementor-element elementor-element-4e1b713 elementor-widget elementor-widget-heading\" data-id=\"4e1b713\" data-element_type=\"widget\" data-widget_type=\"heading.default\">\n\t\t\t\t<div class=\"elementor-widget-container\">\n\t\t\t<h3 class=\"elementor-heading-title elementor-size-default\">kije teleskopowe<\/h3>\t\t<\/div>\n\t\t\t\t<\/div>\n\t\t\t\t<\/div>\n\t\t<div class=\"elementor-element elementor-element-e9820bf e-con-full e-flex e-con e-child\" data-id=\"e9820bf\" data-element_type=\"container\" data-settings=\"{&quot;background_background&quot;:&quot;classic&quot;}\">\n\t\t\t\t<div class=\"elementor-element elementor-element-2a7d5f6 elementor-widget elementor-widget-image\" data-id=\"2a7d5f6\" data-element_type=\"widget\" data-widget_type=\"image.default\">\n\t\t\t\t<div class=\"elementor-widget-container\">\n\t\t\t\t\t\t\t\t\t\t\t\t\t<img loading=\"lazy\" decoding=\"async\" width=\"300\" height=\"300\" src=\"https:\/\/chprofit.dkonto.pl\/wp-content\/uploads\/2024\/04\/wklad-do-stalaza-300x300.png\" class=\"attachment-medium size-medium wp-image-571\" alt=\"wk\u0142ad do stala\u017ca\" srcset=\"https:\/\/chprofit.dkonto.pl\/wp-content\/uploads\/2024\/04\/wklad-do-stalaza-300x300.png 300w, https:\/\/chprofit.dkonto.pl\/wp-content\/uploads\/2024\/04\/wklad-do-stalaza-150x150.png 150w, https:\/\/chprofit.dkonto.pl\/wp-content\/uploads\/2024\/04\/wklad-do-stalaza.png 400w\" sizes=\"(max-width: 300px) 100vw, 300px\" \/>\t\t\t\t\t\t\t\t\t\t\t\t\t<\/div>\n\t\t\t\t<\/div>\n\t\t\t\t<div class=\"elementor-element elementor-element-a72a88c elementor-widget elementor-widget-heading\" data-id=\"a72a88c\" data-element_type=\"widget\" data-widget_type=\"heading.default\">\n\t\t\t\t<div class=\"elementor-widget-container\">\n\t\t\t<h3 class=\"elementor-heading-title elementor-size-default\">wk\u0142ady do stela\u017cy<\/h3>\t\t<\/div>\n\t\t\t\t<\/div>\n\t\t\t\t<\/div>\n\t\t<div class=\"elementor-element elementor-element-3935cf4 e-con-full e-flex e-con e-child\" data-id=\"3935cf4\" data-element_type=\"container\" data-settings=\"{&quot;background_background&quot;:&quot;classic&quot;}\">\n\t\t\t\t<div class=\"elementor-element elementor-element-ff7464f elementor-widget elementor-widget-image\" data-id=\"ff7464f\" data-element_type=\"widget\" data-widget_type=\"image.default\">\n\t\t\t\t<div class=\"elementor-widget-container\">\n\t\t\t\t\t\t\t\t\t\t\t\t\t<img loading=\"lazy\" decoding=\"async\" width=\"300\" height=\"300\" src=\"https:\/\/chprofit.dkonto.pl\/wp-content\/uploads\/2024\/04\/zbierak-do-szyb-300x300.png\" class=\"attachment-medium size-medium wp-image-572\" alt=\"zbierak do szyb\" srcset=\"https:\/\/chprofit.dkonto.pl\/wp-content\/uploads\/2024\/04\/zbierak-do-szyb-300x300.png 300w, https:\/\/chprofit.dkonto.pl\/wp-content\/uploads\/2024\/04\/zbierak-do-szyb-150x150.png 150w, https:\/\/chprofit.dkonto.pl\/wp-content\/uploads\/2024\/04\/zbierak-do-szyb.png 400w\" sizes=\"(max-width: 300px) 100vw, 300px\" \/>\t\t\t\t\t\t\t\t\t\t\t\t\t<\/div>\n\t\t\t\t<\/div>\n\t\t\t\t<div class=\"elementor-element elementor-element-b9c90cf elementor-widget elementor-widget-heading\" data-id=\"b9c90cf\" data-element_type=\"widget\" data-widget_type=\"heading.default\">\n\t\t\t\t<div class=\"elementor-widget-container\">\n\t\t\t<h3 class=\"elementor-heading-title elementor-size-default\">zbieraki do szyb<\/h3>\t\t<\/div>\n\t\t\t\t<\/div>\n\t\t\t\t<\/div>\n\t\t\t\t<\/div>\n\t\t\t\t<\/div>\n\t\t","protected":false},"excerpt":{"rendered":"<p>Zapewniamy szeroki wyb\u00f3r wysokiej jako\u015bci akcesori\u00f3w do sprz\u0105tania, kt\u00f3re u\u0142atwi\u0105 utrzymanie czysto\u015bci w ka\u017cdym otoczeniu. Dost\u0119pne akcesoria do sprz\u0105tania w\u00f3zki w\u00f3zki z przegrod\u0105 w\u00f3zki hotelowe wiaderka uchwyty padu r\u0119cznego zbieraki do pod\u0142\u00f3g stela\u017ce do mopa kije teleskopowe wk\u0142ady do stela\u017cy zbieraki do szyb<\/p>\n","protected":false},"author":1,"featured_media":0,"parent":0,"menu_order":0,"comment_status":"closed","ping_status":"closed","template":"","meta":{"inline_featured_image":false,"site-sidebar-layout":"no-sidebar","site-content-layout":"","ast-site-content-layout":"full-width-container","site-content-style":"default","site-sidebar-style":"default","ast-global-header-display":"","ast-banner-title-visibility":"","ast-main-header-display":"","ast-hfb-above-header-display":"","ast-hfb-below-header-display":"","ast-hfb-mobile-header-display":"","site-post-title":"disabled","ast-breadcrumbs-content":"","ast-featured-img":"disabled","footer-sml-layout":"","theme-transparent-header-meta":"","adv-header-id-meta":"","stick-header-meta":"","header-above-stick-meta":"","header-main-stick-meta":"","header-below-stick-meta":"","astra-migrate-meta-layouts":"default","ast-page-background-enabled":"default","ast-page-background-meta":{"desktop":{"background-color":"var(--ast-global-color-4)","background-image":"","background-repeat":"repeat","background-position":"center center","background-size":"auto","background-attachment":"scroll","background-type":"","background-media":"","overlay-type":"","overlay-color":"","overlay-gradient":""},"tablet":{"background-color":"","background-image":"","background-repeat":"repeat","background-position":"center center","background-size":"auto","background-attachment":"scroll","background-type":"","background-media":"","overlay-type":"","overlay-color":"","overlay-gradient":""},"mobile":{"background-color":"","background-image":"","background-repeat":"repeat","background-position":"center center","background-size":"auto","background-attachment":"scroll","background-type":"","background-media":"","overlay-type":"","overlay-color":"","overlay-gradient":""}},"ast-content-background-meta":{"desktop":{"background-color":"var(--ast-global-color-5)","background-image":"","background-repeat":"repeat","background-position":"center center","background-size":"auto","background-attachment":"scroll","background-type":"","background-media":"","overlay-type":"","overlay-color":"","overlay-gradient":""},"tablet":{"background-color":"var(--ast-global-color-5)","background-image":"","background-repeat":"repeat","background-position":"center center","background-size":"auto","background-attachment":"scroll","background-type":"","background-media":"","overlay-type":"","overlay-color":"","overlay-gradient":""},"mobile":{"background-color":"var(--ast-global-color-5)","background-image":"","background-repeat":"repeat","background-position":"center center","background-size":"auto","background-attachment":"scroll","background-type":"","background-media":"","overlay-type":"","overlay-color":"","overlay-gradient":""}},"footnotes":""},"class_list":["post-443","page","type-page","status-publish","hentry"],"_links":{"self":[{"href":"https:\/\/chprofit.dkonto.pl\/index.php\/wp-json\/wp\/v2\/pages\/443","targetHints":{"allow":["GET"]}}],"collection":[{"href":"https:\/\/chprofit.dkonto.pl\/index.php\/wp-json\/wp\/v2\/pages"}],"about":[{"href":"https:\/\/chprofit.dkonto.pl\/index.php\/wp-json\/wp\/v2\/types\/page"}],"author":[{"embeddable":true,"href":"https:\/\/chprofit.dkonto.pl\/index.php\/wp-json\/wp\/v2\/users\/1"}],"replies":[{"embeddable":true,"href":"https:\/\/chprofit.dkonto.pl\/index.php\/wp-json\/wp\/v2\/comments?post=443"}],"version-history":[{"count":28,"href":"https:\/\/chprofit.dkonto.pl\/index.php\/wp-json\/wp\/v2\/pages\/443\/revisions"}],"predecessor-version":[{"id":898,"href":"https:\/\/chprofit.dkonto.pl\/index.php\/wp-json\/wp\/v2\/pages\/443\/revisions\/898"}],"wp:attachment":[{"href":"https:\/\/chprofit.dkonto.pl\/index.php\/wp-json\/wp\/v2\/media?parent=443"}],"curies":[{"name":"wp","href":"https:\/\/api.w.org\/{rel}","templated":true}]}}