{"id":481,"date":"2024-04-04T08:52:51","date_gmt":"2024-04-04T06:52:51","guid":{"rendered":"https:\/\/chprofit.dkonto.pl\/?page_id=481"},"modified":"2024-05-08T16:44:31","modified_gmt":"2024-05-08T14:44:31","slug":"chemia-specjalna","status":"publish","type":"page","link":"https:\/\/chprofit.dkonto.pl\/index.php\/chemia-specjalna\/","title":{"rendered":"Chemia specjalna"},"content":{"rendered":"\t\t<div data-elementor-type=\"wp-page\" data-elementor-id=\"481\" class=\"elementor elementor-481\" data-elementor-post-type=\"page\">\n\t\t\t\t\t\t<section class=\"elementor-section elementor-top-section elementor-element elementor-element-5dcd56d elementor-section-boxed elementor-section-height-default elementor-section-height-default\" data-id=\"5dcd56d\" data-element_type=\"section\" data-settings=\"{&quot;background_background&quot;:&quot;classic&quot;}\">\n\t\t\t\t\t\t\t<div class=\"elementor-background-overlay\"><\/div>\n\t\t\t\t\t\t\t<div class=\"elementor-container elementor-column-gap-default\">\n\t\t\t\t\t<div class=\"elementor-column elementor-col-50 elementor-top-column elementor-element elementor-element-371f438\" data-id=\"371f438\" data-element_type=\"column\">\n\t\t\t<div class=\"elementor-widget-wrap elementor-element-populated\">\n\t\t\t\t\t\t<div class=\"elementor-element elementor-element-f421d0d elementor-widget elementor-widget-text-editor\" data-id=\"f421d0d\" data-element_type=\"widget\" data-widget_type=\"text-editor.default\">\n\t\t\t\t<div class=\"elementor-widget-container\">\n\t\t\t<style>\/*! elementor - v3.20.0 - 26-03-2024 *\/\n.elementor-widget-text-editor.elementor-drop-cap-view-stacked .elementor-drop-cap{background-color:#69727d;color:#fff}.elementor-widget-text-editor.elementor-drop-cap-view-framed .elementor-drop-cap{color:#69727d;border:3px solid;background-color:transparent}.elementor-widget-text-editor:not(.elementor-drop-cap-view-default) .elementor-drop-cap{margin-top:8px}.elementor-widget-text-editor:not(.elementor-drop-cap-view-default) .elementor-drop-cap-letter{width:1em;height:1em}.elementor-widget-text-editor .elementor-drop-cap{float:left;text-align:center;line-height:1;font-size:50px}.elementor-widget-text-editor .elementor-drop-cap-letter{display:inline-block}<\/style>\t\t\t\t<p>Bez wzgl\u0119du na to, czy potrzebujesz produkt\u00f3w do konserwacji, ochrony, czy te\u017c specjalistycznych zastosowa\u0144, mo\u017cesz polega\u0107 na naszej chemii specjalnej, aby sprosta\u0107 nawet najtrudniejszym wyzwaniom.<\/p>\t\t\t\t\t\t<\/div>\n\t\t\t\t<\/div>\n\t\t\t\t\t<\/div>\n\t\t<\/div>\n\t\t\t\t<div class=\"elementor-column elementor-col-50 elementor-top-column elementor-element elementor-element-fdb0fd4\" data-id=\"fdb0fd4\" data-element_type=\"column\">\n\t\t\t<div class=\"elementor-widget-wrap\">\n\t\t\t\t\t\t\t<\/div>\n\t\t<\/div>\n\t\t\t\t\t<\/div>\n\t\t<\/section>\n\t\t<div class=\"elementor-element elementor-element-a8ca04d e-flex e-con-boxed e-con e-parent\" data-id=\"a8ca04d\" data-element_type=\"container\" data-core-v316-plus=\"true\">\n\t\t\t\t\t<div class=\"e-con-inner\">\n\t\t\t\t<div class=\"elementor-element elementor-element-76676c8 elementor-widget elementor-widget-heading\" data-id=\"76676c8\" data-element_type=\"widget\" data-widget_type=\"heading.default\">\n\t\t\t\t<div class=\"elementor-widget-container\">\n\t\t\t<style>\/*! elementor - v3.20.0 - 26-03-2024 *\/\n.elementor-heading-title{padding:0;margin:0;line-height:1}.elementor-widget-heading .elementor-heading-title[class*=elementor-size-]>a{color:inherit;font-size:inherit;line-height:inherit}.elementor-widget-heading .elementor-heading-title.elementor-size-small{font-size:15px}.elementor-widget-heading .elementor-heading-title.elementor-size-medium{font-size:19px}.elementor-widget-heading .elementor-heading-title.elementor-size-large{font-size:29px}.elementor-widget-heading .elementor-heading-title.elementor-size-xl{font-size:39px}.elementor-widget-heading .elementor-heading-title.elementor-size-xxl{font-size:59px}<\/style><h2 class=\"elementor-heading-title elementor-size-default\">Dost\u0119pne produkty z kategorii chemii specjalnej<\/h2>\t\t<\/div>\n\t\t\t\t<\/div>\n\t\t\t\t\t<\/div>\n\t\t\t\t<\/div>\n\t\t<div class=\"elementor-element elementor-element-d23e8a6 e-con-full e-flex e-con e-parent\" data-id=\"d23e8a6\" data-element_type=\"container\" data-core-v316-plus=\"true\">\n\t\t<div class=\"elementor-element elementor-element-5f539e3 e-con-full e-flex e-con e-child\" data-id=\"5f539e3\" data-element_type=\"container\">\n\t\t\t\t<div class=\"elementor-element elementor-element-3799bd7 elementor-flip-box--effect-flip elementor-flip-box--direction-up elementor-widget elementor-widget-flip-box\" data-id=\"3799bd7\" data-element_type=\"widget\" data-widget_type=\"flip-box.default\">\n\t\t\t\t<div class=\"elementor-widget-container\">\n\t\t\t<link rel=\"stylesheet\" href=\"https:\/\/chprofit.dkonto.pl\/wp-content\/plugins\/elementor-pro\/assets\/css\/widget-flip-box.min.css\">\t\t<div class=\"elementor-flip-box\" tabindex=\"0\">\n\t\t\t<div class=\"elementor-flip-box__layer elementor-flip-box__front\">\n\t\t\t\t<div class=\"elementor-flip-box__layer__overlay\">\n\t\t\t\t\t<div class=\"elementor-flip-box__layer__inner\">\n\t\t\t\t\t\t\t\t\t\t\t\t\t<div class=\"elementor-flip-box__image\">\n\t\t\t\t\t\t\t\t<img fetchpriority=\"high\" decoding=\"async\" width=\"300\" height=\"300\" src=\"https:\/\/chprofit.dkonto.pl\/wp-content\/uploads\/2024\/04\/blekit-patentowy.png\" class=\"attachment-medium size-medium wp-image-803\" alt=\"b\u0142\u0119kit patentowy\" srcset=\"https:\/\/chprofit.dkonto.pl\/wp-content\/uploads\/2024\/04\/blekit-patentowy.png 300w, https:\/\/chprofit.dkonto.pl\/wp-content\/uploads\/2024\/04\/blekit-patentowy-150x150.png 150w\" sizes=\"(max-width: 300px) 100vw, 300px\" \/>\t\t\t\t\t\t\t<\/div>\n\t\t\t\t\t\t\n\t\t\t\t\t\t\t\t\t\t\t\t\t<h3 class=\"elementor-flip-box__layer__title\">\n\t\t\t\t\t\t\t\tB\u0141\u0118KIT PATENTOWY\t\t\t\t\t\t\t<\/h3>\n\t\t\t\t\t\t\n\t\t\t\t\t\t\t\t\t\t\t\t\t<div class=\"elementor-flip-box__layer__description\">\n\t\t\t\t\t\t\t\tProdukt do barwienia materia\u0142\u00f3w szczeg\u00f3lnego ryzyka przy rozbiorze tusz zwierz\u0119cych.\t\t\t\t\t\t\t<\/div>\n\t\t\t\t\t\t\t\t\t\t\t<\/div>\n\t\t\t\t<\/div>\n\t\t\t<\/div>\n\t\t\t<div class=\"elementor-flip-box__layer elementor-flip-box__back\">\n\t\t\t<div class=\"elementor-flip-box__layer__overlay\">\n\t\t\t\t<div class=\"elementor-flip-box__layer__inner\">\n\t\t\t\t\t\n\t\t\t\t\t\t\t\t\t\t\t<div class=\"elementor-flip-box__layer__description\">\n\t\t\t\t\t\t\tB\u0142\u0119kit Patentowy jest wodnym roztworem barwnika-b\u0142\u0119kitu patentowego ( E 131 ), jest niepalny. Ma zastosowanie w rze\u017aniach i zak\u0142adach rozbioru mi\u0119sa do znakowania materia\u0142\u00f3w rozbiorowych szczeg\u00f3lnego ryzyka.\t\t\t\t\t\t<\/div>\n\t\t\t\t\t\n\t\t\t\t\t\t\t\t<\/div>\n\t\t<\/div>\n\t\t<\/div>\n\t\t<\/div>\n\t\t\t\t<\/div>\n\t\t\t\t<\/div>\n\t\t\t\t<\/div>\n\t\t<div class=\"elementor-element elementor-element-e6b8631 e-con-full e-flex e-con e-child\" data-id=\"e6b8631\" data-element_type=\"container\">\n\t\t\t\t<div class=\"elementor-element elementor-element-57b7910 elementor-flip-box--effect-flip elementor-flip-box--direction-up elementor-widget elementor-widget-flip-box\" data-id=\"57b7910\" data-element_type=\"widget\" data-widget_type=\"flip-box.default\">\n\t\t\t\t<div class=\"elementor-widget-container\">\n\t\t\t\t\t<div class=\"elementor-flip-box\" tabindex=\"0\">\n\t\t\t<div class=\"elementor-flip-box__layer elementor-flip-box__front\">\n\t\t\t\t<div class=\"elementor-flip-box__layer__overlay\">\n\t\t\t\t\t<div class=\"elementor-flip-box__layer__inner\">\n\t\t\t\t\t\t\t\t\t\t\t\t\t<div class=\"elementor-flip-box__image\">\n\t\t\t\t\t\t\t\t<img decoding=\"async\" width=\"300\" height=\"300\" src=\"https:\/\/chprofit.dkonto.pl\/wp-content\/uploads\/2024\/05\/doczyszczanie-kostki-brukowej-1-300x300.png\" class=\"attachment-medium size-medium wp-image-814\" alt=\"doczyszczanie kostki brukowej 1\" srcset=\"https:\/\/chprofit.dkonto.pl\/wp-content\/uploads\/2024\/05\/doczyszczanie-kostki-brukowej-1-300x300.png 300w, https:\/\/chprofit.dkonto.pl\/wp-content\/uploads\/2024\/05\/doczyszczanie-kostki-brukowej-1-150x150.png 150w, https:\/\/chprofit.dkonto.pl\/wp-content\/uploads\/2024\/05\/doczyszczanie-kostki-brukowej-1.png 600w\" sizes=\"(max-width: 300px) 100vw, 300px\" \/>\t\t\t\t\t\t\t<\/div>\n\t\t\t\t\t\t\n\t\t\t\t\t\t\t\t\t\t\t\t\t<h3 class=\"elementor-flip-box__layer__title\">\n\t\t\t\t\t\t\t\tDOCZYSZCZANIE KOSTKI BRUKOWEJ\t\t\t\t\t\t\t<\/h3>\n\t\t\t\t\t\t\n\t\t\t\t\t\t\t\t\t\t\t\t\t<div class=\"elementor-flip-box__layer__description\">\n\t\t\t\t\t\t\t\tDoczyszczanie kostki brukowej z zabrudze\u0144 ropopochodnych, smar\u00f3w\t\t\t\t\t\t\t<\/div>\n\t\t\t\t\t\t\t\t\t\t\t<\/div>\n\t\t\t\t<\/div>\n\t\t\t<\/div>\n\t\t\t<div class=\"elementor-flip-box__layer elementor-flip-box__back\">\n\t\t\t<div class=\"elementor-flip-box__layer__overlay\">\n\t\t\t\t<div class=\"elementor-flip-box__layer__inner\">\n\t\t\t\t\t\n\t\t\t\t\t\t\t\t\t\t\t<div class=\"elementor-flip-box__layer__description\">\n\t\t\t\t\t\t\tSilnie pieni\u0105cy preparat do odt\u0142uszczania\ni gruntownego czyszczenia kostki brukowej.\nZalecany do silnie zanieczyszczonych nawierzchni <br\/>w warsztatach, halach produkcyjnych, na stacjach\nbenzynowych, parkingach, gara\u017cach itp. Preparat\nwyst\u0119puje jako koncentrat w formie dwufazowej.\t\t\t\t\t\t<\/div>\n\t\t\t\t\t\n\t\t\t\t\t\t\t\t<\/div>\n\t\t<\/div>\n\t\t<\/div>\n\t\t<\/div>\n\t\t\t\t<\/div>\n\t\t\t\t<\/div>\n\t\t\t\t<\/div>\n\t\t<div class=\"elementor-element elementor-element-639c2ba e-con-full e-flex e-con e-child\" data-id=\"639c2ba\" data-element_type=\"container\">\n\t\t\t\t<div class=\"elementor-element elementor-element-0ea4ea7 elementor-flip-box--effect-flip elementor-flip-box--direction-up elementor-widget elementor-widget-flip-box\" data-id=\"0ea4ea7\" data-element_type=\"widget\" data-widget_type=\"flip-box.default\">\n\t\t\t\t<div class=\"elementor-widget-container\">\n\t\t\t\t\t<div class=\"elementor-flip-box\" tabindex=\"0\">\n\t\t\t<div class=\"elementor-flip-box__layer elementor-flip-box__front\">\n\t\t\t\t<div class=\"elementor-flip-box__layer__overlay\">\n\t\t\t\t\t<div class=\"elementor-flip-box__layer__inner\">\n\t\t\t\t\t\t\t\t\t\t\t\t\t<div class=\"elementor-flip-box__image\">\n\t\t\t\t\t\t\t\t<img decoding=\"async\" width=\"300\" height=\"300\" src=\"https:\/\/chprofit.dkonto.pl\/wp-content\/uploads\/2024\/05\/tg-cleaner-300x300.png\" class=\"attachment-medium size-medium wp-image-815\" alt=\"\" srcset=\"https:\/\/chprofit.dkonto.pl\/wp-content\/uploads\/2024\/05\/tg-cleaner-300x300.png 300w, https:\/\/chprofit.dkonto.pl\/wp-content\/uploads\/2024\/05\/tg-cleaner-150x150.png 150w, https:\/\/chprofit.dkonto.pl\/wp-content\/uploads\/2024\/05\/tg-cleaner.png 600w\" sizes=\"(max-width: 300px) 100vw, 300px\" \/>\t\t\t\t\t\t\t<\/div>\n\t\t\t\t\t\t\n\t\t\t\t\t\t\t\t\t\t\t\t\t<h3 class=\"elementor-flip-box__layer__title\">\n\t\t\t\t\t\t\t\tTG Cleaner\t\t\t\t\t\t\t<\/h3>\n\t\t\t\t\t\t\n\t\t\t\t\t\t\t\t\t\t\t\t\t<div class=\"elementor-flip-box__layer__description\">\n\t\t\t\t\t\t\t\tUsuwanie zabrudze\u0144 ze smo\u0142y i kleju z karoserii pojazd\u00f3w\t\t\t\t\t\t\t<\/div>\n\t\t\t\t\t\t\t\t\t\t\t<\/div>\n\t\t\t\t<\/div>\n\t\t\t<\/div>\n\t\t\t<div class=\"elementor-flip-box__layer elementor-flip-box__back\">\n\t\t\t<div class=\"elementor-flip-box__layer__overlay\">\n\t\t\t\t<div class=\"elementor-flip-box__layer__inner\">\n\t\t\t\t\t\n\t\t\t\t\t\t\t\t\t\t\t<div class=\"elementor-flip-box__layer__description\">\n\t\t\t\t\t\t\tGotowy do u\u017cycia produkt do szybkiego usuwania\n\u015blad\u00f3w po gumie z betonu, powierzchni elastycznych.\nRozpuszcza masy bitumiczne \u2013 smo\u0142a, asfalt, likwiduje\n\u015blady po ta\u015bmach klej\u0105cych oraz naklejkach. Zalecany\ndo usuwanie naciek\u00f3w z \u017cywicy naturalnej oraz gumy\ndo \u017cucia.\t\t\t\t\t\t<\/div>\n\t\t\t\t\t\n\t\t\t\t\t\t\t\t<\/div>\n\t\t<\/div>\n\t\t<\/div>\n\t\t<\/div>\n\t\t\t\t<\/div>\n\t\t\t\t<\/div>\n\t\t\t\t<\/div>\n\t\t<div class=\"elementor-element elementor-element-514b867 e-con-full e-flex e-con e-child\" data-id=\"514b867\" data-element_type=\"container\">\n\t\t\t\t<div class=\"elementor-element elementor-element-cf0261a elementor-flip-box--effect-flip elementor-flip-box--direction-up elementor-widget elementor-widget-flip-box\" data-id=\"cf0261a\" data-element_type=\"widget\" data-widget_type=\"flip-box.default\">\n\t\t\t\t<div class=\"elementor-widget-container\">\n\t\t\t\t\t<div class=\"elementor-flip-box\" tabindex=\"0\">\n\t\t\t<div class=\"elementor-flip-box__layer elementor-flip-box__front\">\n\t\t\t\t<div class=\"elementor-flip-box__layer__overlay\">\n\t\t\t\t\t<div class=\"elementor-flip-box__layer__inner\">\n\t\t\t\t\t\t\t\t\t\t\t\t\t<div class=\"elementor-flip-box__image\">\n\t\t\t\t\t\t\t\t<img loading=\"lazy\" decoding=\"async\" width=\"300\" height=\"300\" src=\"https:\/\/chprofit.dkonto.pl\/wp-content\/uploads\/2024\/05\/top-efekt-moss-300x300.png\" class=\"attachment-medium size-medium wp-image-903\" alt=\"TopEfekt\u00ae Moss\" srcset=\"https:\/\/chprofit.dkonto.pl\/wp-content\/uploads\/2024\/05\/top-efekt-moss-300x300.png 300w, https:\/\/chprofit.dkonto.pl\/wp-content\/uploads\/2024\/05\/top-efekt-moss-150x150.png 150w, https:\/\/chprofit.dkonto.pl\/wp-content\/uploads\/2024\/05\/top-efekt-moss.png 600w\" sizes=\"(max-width: 300px) 100vw, 300px\" \/>\t\t\t\t\t\t\t<\/div>\n\t\t\t\t\t\t\n\t\t\t\t\t\t\t\t\t\t\t\t\t<h3 class=\"elementor-flip-box__layer__title\">\n\t\t\t\t\t\t\t\tTopEfekt\u00ae Moss\t\t\t\t\t\t\t<\/h3>\n\t\t\t\t\t\t\n\t\t\t\t\t\t\t\t\t\t\t\t\t<div class=\"elementor-flip-box__layer__description\">\n\t\t\t\t\t\t\t\tGrzyby, glony, mchy i porosty - usuwanie\t\t\t\t\t\t\t<\/div>\n\t\t\t\t\t\t\t\t\t\t\t<\/div>\n\t\t\t\t<\/div>\n\t\t\t<\/div>\n\t\t\t<div class=\"elementor-flip-box__layer elementor-flip-box__back\">\n\t\t\t<div class=\"elementor-flip-box__layer__overlay\">\n\t\t\t\t<div class=\"elementor-flip-box__layer__inner\">\n\t\t\t\t\t\n\t\t\t\t\t\t\t\t\t\t\t<div class=\"elementor-flip-box__layer__description\">\n\t\t\t\t\t\t\tSkoncentrowany preparat przeznaczony do usuwania grzyb\u00f3w oraz niszczenia mch\u00f3w, glon\u00f3w i porost\u00f3w z r\u00f3\u017cnego typu powierzchni (np. elewacje, dachy dom\u00f3w jednorodzinnych). Po wyczyszczeniu zabezpiecza powierzchni\u0119 przez d\u0142u\u017cszy okres czasu, wytwarzaj\u0105c \u015brodowisko przeciwdzia\u0142aj\u0105ce powstawaniu wszelkiego rodzaju mikroorganizm\u00f3w. Stosowany profilaktycznie zwi\u0119ksza odporno\u015b\u0107 biologiczn\u0105 czyszczonych pod\u0142o\u017cy.\t\t\t\t\t\t<\/div>\n\t\t\t\t\t\n\t\t\t\t\t\t\t\t<\/div>\n\t\t<\/div>\n\t\t<\/div>\n\t\t<\/div>\n\t\t\t\t<\/div>\n\t\t\t\t<\/div>\n\t\t\t\t<\/div>\n\t\t\t\t<\/div>\n\t\t\t\t<\/div>\n\t\t","protected":false},"excerpt":{"rendered":"<p>Bez wzgl\u0119du na to, czy potrzebujesz produkt\u00f3w do konserwacji, ochrony, czy te\u017c specjalistycznych zastosowa\u0144, mo\u017cesz polega\u0107 na naszej chemii specjalnej, aby sprosta\u0107 nawet najtrudniejszym wyzwaniom. Dost\u0119pne produkty z kategorii chemii specjalnej B\u0141\u0118KIT PATENTOWY Produkt do barwienia materia\u0142\u00f3w szczeg\u00f3lnego ryzyka przy rozbiorze tusz zwierz\u0119cych. B\u0142\u0119kit Patentowy jest wodnym roztworem barwnika-b\u0142\u0119kitu patentowego ( E 131 ), jest &hellip;<\/p>\n<p class=\"read-more\"> <a class=\"\" href=\"https:\/\/chprofit.dkonto.pl\/index.php\/chemia-specjalna\/\"> <span class=\"screen-reader-text\">Chemia specjalna<\/span> Read More &raquo;<\/a><\/p>\n","protected":false},"author":1,"featured_media":0,"parent":0,"menu_order":0,"comment_status":"closed","ping_status":"closed","template":"","meta":{"inline_featured_image":false,"site-sidebar-layout":"no-sidebar","site-content-layout":"","ast-site-content-layout":"full-width-container","site-content-style":"default","site-sidebar-style":"default","ast-global-header-display":"","ast-banner-title-visibility":"","ast-main-header-display":"","ast-hfb-above-header-display":"","ast-hfb-below-header-display":"","ast-hfb-mobile-header-display":"","site-post-title":"disabled","ast-breadcrumbs-content":"","ast-featured-img":"disabled","footer-sml-layout":"","theme-transparent-header-meta":"","adv-header-id-meta":"","stick-header-meta":"","header-above-stick-meta":"","header-main-stick-meta":"","header-below-stick-meta":"","astra-migrate-meta-layouts":"default","ast-page-background-enabled":"default","ast-page-background-meta":{"desktop":{"background-color":"var(--ast-global-color-4)","background-image":"","background-repeat":"repeat","background-position":"center center","background-size":"auto","background-attachment":"scroll","background-type":"","background-media":"","overlay-type":"","overlay-color":"","overlay-gradient":""},"tablet":{"background-color":"","background-image":"","background-repeat":"repeat","background-position":"center center","background-size":"auto","background-attachment":"scroll","background-type":"","background-media":"","overlay-type":"","overlay-color":"","overlay-gradient":""},"mobile":{"background-color":"","background-image":"","background-repeat":"repeat","background-position":"center center","background-size":"auto","background-attachment":"scroll","background-type":"","background-media":"","overlay-type":"","overlay-color":"","overlay-gradient":""}},"ast-content-background-meta":{"desktop":{"background-color":"var(--ast-global-color-5)","background-image":"","background-repeat":"repeat","background-position":"center center","background-size":"auto","background-attachment":"scroll","background-type":"","background-media":"","overlay-type":"","overlay-color":"","overlay-gradient":""},"tablet":{"background-color":"var(--ast-global-color-5)","background-image":"","background-repeat":"repeat","background-position":"center center","background-size":"auto","background-attachment":"scroll","background-type":"","background-media":"","overlay-type":"","overlay-color":"","overlay-gradient":""},"mobile":{"background-color":"var(--ast-global-color-5)","background-image":"","background-repeat":"repeat","background-position":"center center","background-size":"auto","background-attachment":"scroll","background-type":"","background-media":"","overlay-type":"","overlay-color":"","overlay-gradient":""}},"footnotes":""},"class_list":["post-481","page","type-page","status-publish","hentry"],"_links":{"self":[{"href":"https:\/\/chprofit.dkonto.pl\/index.php\/wp-json\/wp\/v2\/pages\/481","targetHints":{"allow":["GET"]}}],"collection":[{"href":"https:\/\/chprofit.dkonto.pl\/index.php\/wp-json\/wp\/v2\/pages"}],"about":[{"href":"https:\/\/chprofit.dkonto.pl\/index.php\/wp-json\/wp\/v2\/types\/page"}],"author":[{"embeddable":true,"href":"https:\/\/chprofit.dkonto.pl\/index.php\/wp-json\/wp\/v2\/users\/1"}],"replies":[{"embeddable":true,"href":"https:\/\/chprofit.dkonto.pl\/index.php\/wp-json\/wp\/v2\/comments?post=481"}],"version-history":[{"count":40,"href":"https:\/\/chprofit.dkonto.pl\/index.php\/wp-json\/wp\/v2\/pages\/481\/revisions"}],"predecessor-version":[{"id":909,"href":"https:\/\/chprofit.dkonto.pl\/index.php\/wp-json\/wp\/v2\/pages\/481\/revisions\/909"}],"wp:attachment":[{"href":"https:\/\/chprofit.dkonto.pl\/index.php\/wp-json\/wp\/v2\/media?parent=481"}],"curies":[{"name":"wp","href":"https:\/\/api.w.org\/{rel}","templated":true}]}}